{"id":2523,"date":"2022-09-06T16:31:41","date_gmt":"2022-09-06T16:31:41","guid":{"rendered":"https:\/\/www.setapht.com\/equipo-de-verificacion-de-membranas-de-osmosis-inversa\/"},"modified":"2022-09-06T16:32:20","modified_gmt":"2022-09-06T16:32:20","slug":"equipo-de-verificacion-de-membranas-de-osmosis-inversa","status":"publish","type":"page","link":"https:\/\/www.setapht.com\/en\/equipo-de-verificacion-de-membranas-de-osmosis-inversa\/","title":{"rendered":"Equipo de verificaci\u00f3n de membranas de \u00f3smosis inversa"},"content":{"rendered":"\t\t<div data-elementor-type=\"wp-page\" data-elementor-id=\"2523\" class=\"elementor elementor-2523\" data-elementor-post-type=\"page\">\n\t\t\t\t\t\t<section class=\"elementor-section elementor-top-section elementor-element elementor-element-310a12cc elementor-section-boxed elementor-section-height-default elementor-section-height-default\" data-id=\"310a12cc\" data-element_type=\"section\" data-e-type=\"section\">\n\t\t\t\t\t\t<div class=\"elementor-container elementor-column-gap-default\">\n\t\t\t\t\t<div class=\"elementor-column elementor-col-100 elementor-top-column elementor-element elementor-element-638b0819\" data-id=\"638b0819\" data-element_type=\"column\" data-e-type=\"column\">\n\t\t\t<div class=\"elementor-widget-wrap elementor-element-populated\">\n\t\t\t\t\t\t<div class=\"elementor-element elementor-element-141b0337 elementor-widget elementor-widget-heading\" data-id=\"141b0337\" data-element_type=\"widget\" data-e-type=\"widget\" data-widget_type=\"heading.default\">\n\t\t\t\t<div class=\"elementor-widget-container\">\n\t\t\t\t\t<h1 class=\"elementor-heading-title elementor-size-default\">Equipo de verificaci\u00f3n de membranas de \u00f3smosis inversa<\/h1>\t\t\t\t<\/div>\n\t\t\t\t<\/div>\n\t\t\t\t\t<\/div>\n\t\t<\/div>\n\t\t\t\t\t<\/div>\n\t\t<\/section>\n\t\t\t\t<section class=\"elementor-section elementor-top-section elementor-element elementor-element-f244ef3 elementor-section-boxed elementor-section-height-default elementor-section-height-default\" data-id=\"f244ef3\" data-element_type=\"section\" data-e-type=\"section\">\n\t\t\t\t\t\t<div class=\"elementor-container elementor-column-gap-default\">\n\t\t\t\t\t<div class=\"elementor-column elementor-col-50 elementor-top-column elementor-element elementor-element-3eeeaee4\" data-id=\"3eeeaee4\" data-element_type=\"column\" data-e-type=\"column\">\n\t\t\t<div class=\"elementor-widget-wrap elementor-element-populated\">\n\t\t\t\t\t\t<div class=\"elementor-element elementor-element-6079d3ea elementor-widget elementor-widget-video\" data-id=\"6079d3ea\" data-element_type=\"widget\" data-e-type=\"widget\" data-settings=\"{&quot;youtube_url&quot;:&quot;https:\\\/\\\/www.youtube.com\\\/watch?v=GLdpOcrjDP4&quot;,&quot;video_type&quot;:&quot;youtube&quot;,&quot;controls&quot;:&quot;yes&quot;}\" data-widget_type=\"video.default\">\n\t\t\t\t<div class=\"elementor-widget-container\">\n\t\t\t\t\t\t\t<div class=\"elementor-wrapper elementor-open-inline\">\n\t\t\t<div class=\"elementor-video\"><\/div>\t\t<\/div>\n\t\t\t\t\t\t<\/div>\n\t\t\t\t<\/div>\n\t\t\t\t\t<\/div>\n\t\t<\/div>\n\t\t\t\t<div class=\"elementor-column elementor-col-50 elementor-top-column elementor-element elementor-element-607d446e\" data-id=\"607d446e\" data-element_type=\"column\" data-e-type=\"column\">\n\t\t\t<div class=\"elementor-widget-wrap elementor-element-populated\">\n\t\t\t\t\t\t<div class=\"elementor-element elementor-element-27363cd0 elementor-widget elementor-widget-text-editor\" data-id=\"27363cd0\" data-element_type=\"widget\" data-e-type=\"widget\" data-widget_type=\"text-editor.default\">\n\t\t\t\t<div class=\"elementor-widget-container\">\n\t\t\t\t\t\t\t\t\t<p>Un equipo de verificaci\u00f3n de membranas SETA PHT, como el que pod\u00e9is ver en el v\u00eddeo, es id\u00f3neo para el sector industrial o para cualquier tipo de aplicaci\u00f3n donde la tecnolog\u00eda empleada sea la \u00f3smosis inversa, ya que tiene como objeto la comprobaci\u00f3n, verificaci\u00f3n y restablecimiento de par\u00e1metros de funcionamiento de este proceso.<\/p><p>Los equipo de verificaci\u00f3n de membranas de \u00f3smosis inversa SETA PHT est\u00e1n dise\u00f1ados para el tratamiento de agua de mar o de agua salobre a trav\u00e9s de sus diferentes componentes.<\/p><p>\u00a0<\/p>\t\t\t\t\t\t\t\t<\/div>\n\t\t\t\t<\/div>\n\t\t\t\t\t<\/div>\n\t\t<\/div>\n\t\t\t\t\t<\/div>\n\t\t<\/section>\n\t\t\t\t<section class=\"elementor-section elementor-top-section elementor-element elementor-element-9dae95b elementor-section-boxed elementor-section-height-default elementor-section-height-default\" data-id=\"9dae95b\" data-element_type=\"section\" data-e-type=\"section\">\n\t\t\t\t\t\t<div class=\"elementor-container elementor-column-gap-default\">\n\t\t\t\t\t<div class=\"elementor-column elementor-col-50 elementor-top-column elementor-element elementor-element-23d2dd81\" data-id=\"23d2dd81\" data-element_type=\"column\" data-e-type=\"column\" data-settings=\"{&quot;background_background&quot;:&quot;classic&quot;}\">\n\t\t\t<div class=\"elementor-widget-wrap\">\n\t\t\t\t\t\t\t<\/div>\n\t\t<\/div>\n\t\t\t\t<div class=\"elementor-column elementor-col-50 elementor-top-column elementor-element elementor-element-47d4c995\" data-id=\"47d4c995\" data-element_type=\"column\" data-e-type=\"column\">\n\t\t\t<div class=\"elementor-widget-wrap elementor-element-populated\">\n\t\t\t\t\t\t<div class=\"elementor-element elementor-element-2242dd9a gallery-spacing-custom elementor-widget elementor-widget-image-gallery\" data-id=\"2242dd9a\" data-element_type=\"widget\" data-e-type=\"widget\" data-widget_type=\"image-gallery.default\">\n\t\t\t\t<div class=\"elementor-widget-container\">\n\t\t\t\t\t\t\t<div class=\"elementor-image-gallery\">\n\t\t\t<div id='gallery-1' class='gallery galleryid-2523 gallery-columns-1 gallery-size-medium'><figure class='gallery-item'>\n\t\t\t<div class='gallery-icon landscape'>\n\t\t\t\t<a data-elementor-open-lightbox=\"yes\" data-elementor-lightbox-slideshow=\"2242dd9a\" data-elementor-lightbox-title=\"unidad-de-verificacio\u0301n-de-membranas.jpg\" data-e-action-hash=\"#elementor-action%3Aaction%3Dlightbox%26settings%3DeyJpZCI6MjUyNSwidXJsIjoiaHR0cHM6XC9cL3d3dy5zZXRhcGh0LmNvbVwvZW5cL3dwLWNvbnRlbnRcL3VwbG9hZHNcL3NpdGVzXC81XC8yMDIyXC8wOVwvdW5pZGFkLWRlLXZlcmlmaWNhY2lvXHUwMzAxbi1kZS1tZW1icmFuYXMuanBnIiwic2xpZGVzaG93IjoiMjI0MmRkOWEifQ%3D%3D\" href='https:\/\/www.setapht.com\/en\/wp-content\/uploads\/sites\/5\/2022\/09\/unidad-de-verificacio\u0301n-de-membranas.jpg'><img decoding=\"async\" width=\"300\" height=\"166\" src=\"https:\/\/www.setapht.com\/en\/wp-content\/uploads\/sites\/5\/2022\/09\/unidad-de-verificacio\u0301n-de-membranas-300x166.jpg\" class=\"attachment-medium size-medium\" alt=\"\" srcset=\"https:\/\/www.setapht.com\/en\/wp-content\/uploads\/sites\/5\/2022\/09\/unidad-de-verificacio\u0301n-de-membranas-300x166.jpg 300w, https:\/\/www.setapht.com\/en\/wp-content\/uploads\/sites\/5\/2022\/09\/unidad-de-verificacio\u0301n-de-membranas-1024x567.jpg 1024w, https:\/\/www.setapht.com\/en\/wp-content\/uploads\/sites\/5\/2022\/09\/unidad-de-verificacio\u0301n-de-membranas-768x426.jpg 768w, https:\/\/www.setapht.com\/en\/wp-content\/uploads\/sites\/5\/2022\/09\/unidad-de-verificacio\u0301n-de-membranas.jpg 1294w\" sizes=\"(max-width: 300px) 100vw, 300px\" \/><\/a>\n\t\t\t<\/div><\/figure><figure class='gallery-item'>\n\t\t\t<div class='gallery-icon landscape'>\n\t\t\t\t<a data-elementor-open-lightbox=\"yes\" data-elementor-lightbox-slideshow=\"2242dd9a\" data-elementor-lightbox-title=\"Equipo-de-verificacion-de-membranas-de-osmosis-inversa.jpg\" data-e-action-hash=\"#elementor-action%3Aaction%3Dlightbox%26settings%3DeyJpZCI6MjUyNiwidXJsIjoiaHR0cHM6XC9cL3d3dy5zZXRhcGh0LmNvbVwvZW5cL3dwLWNvbnRlbnRcL3VwbG9hZHNcL3NpdGVzXC81XC8yMDIyXC8wOVwvRXF1aXBvLWRlLXZlcmlmaWNhY2lvbi1kZS1tZW1icmFuYXMtZGUtb3Ntb3Npcy1pbnZlcnNhLmpwZyIsInNsaWRlc2hvdyI6IjIyNDJkZDlhIn0%3D\" href='https:\/\/www.setapht.com\/en\/wp-content\/uploads\/sites\/5\/2022\/09\/Equipo-de-verificacion-de-membranas-de-osmosis-inversa.jpg'><img fetchpriority=\"high\" decoding=\"async\" width=\"300\" height=\"167\" src=\"https:\/\/www.setapht.com\/en\/wp-content\/uploads\/sites\/5\/2022\/09\/Equipo-de-verificacion-de-membranas-de-osmosis-inversa-300x167.jpg\" class=\"attachment-medium size-medium\" alt=\"\" srcset=\"https:\/\/www.setapht.com\/en\/wp-content\/uploads\/sites\/5\/2022\/09\/Equipo-de-verificacion-de-membranas-de-osmosis-inversa-300x167.jpg 300w, https:\/\/www.setapht.com\/en\/wp-content\/uploads\/sites\/5\/2022\/09\/Equipo-de-verificacion-de-membranas-de-osmosis-inversa-1024x570.jpg 1024w, https:\/\/www.setapht.com\/en\/wp-content\/uploads\/sites\/5\/2022\/09\/Equipo-de-verificacion-de-membranas-de-osmosis-inversa-768x427.jpg 768w, https:\/\/www.setapht.com\/en\/wp-content\/uploads\/sites\/5\/2022\/09\/Equipo-de-verificacion-de-membranas-de-osmosis-inversa.jpg 1294w\" sizes=\"(max-width: 300px) 100vw, 300px\" \/><\/a>\n\t\t\t<\/div><\/figure>\n\t\t<\/div>\n\t\t<\/div>\n\t\t\t\t\t\t<\/div>\n\t\t\t\t<\/div>\n\t\t\t\t\t<\/div>\n\t\t<\/div>\n\t\t\t\t\t<\/div>\n\t\t<\/section>\n\t\t\t\t<\/div>\n\t\t","protected":false},"excerpt":{"rendered":"<p>https:\/\/www.youtube.com\/watch?v=GLdpOcrjDP4 Un equipo de verificaci\u00f3n de membranas SETA PHT, como el que pod\u00e9is ver en el v\u00eddeo, es id\u00f3neo para el sector industrial o para cualquier tipo de aplicaci\u00f3n donde la tecnolog\u00eda empleada sea la \u00f3smosis inversa, ya que tiene como objeto la comprobaci\u00f3n, verificaci\u00f3n y restablecimiento de par\u00e1metros de funcionamiento de este proceso. Los [&hellip;]<\/p>\n","protected":false},"author":1,"featured_media":2529,"parent":0,"menu_order":0,"comment_status":"closed","ping_status":"closed","template":"","meta":{"content-type":"","_eb_attr":"","footnotes":""},"class_list":["post-2523","page","type-page","status-publish","has-post-thumbnail","hentry"],"yoast_head":"<!-- This site is optimized with the Yoast SEO plugin v25.8 - https:\/\/yoast.com\/wordpress\/plugins\/seo\/ -->\n<title>Equipo de verificaci\u00f3n de membranas de \u00f3smosis inversa - SETAPHT En<\/title>\n<meta name=\"robots\" content=\"index, follow, max-snippet:-1, max-image-preview:large, max-video-preview:-1\" \/>\n<link rel=\"canonical\" href=\"https:\/\/www.setapht.com\/en\/equipo-de-verificacion-de-membranas-de-osmosis-inversa\/\" \/>\n<meta property=\"og:locale\" content=\"en_GB\" \/>\n<meta property=\"og:type\" content=\"article\" \/>\n<meta property=\"og:title\" content=\"Equipo de verificaci\u00f3n de membranas de \u00f3smosis inversa - SETAPHT En\" \/>\n<meta property=\"og:description\" content=\"https:\/\/www.youtube.com\/watch?v=GLdpOcrjDP4 Un equipo de verificaci\u00f3n de membranas SETA PHT, como el que pod\u00e9is ver en el v\u00eddeo, es id\u00f3neo para el sector industrial o para cualquier tipo de aplicaci\u00f3n donde la tecnolog\u00eda empleada sea la \u00f3smosis inversa, ya que tiene como objeto la comprobaci\u00f3n, verificaci\u00f3n y restablecimiento de par\u00e1metros de funcionamiento de este proceso. Los [&hellip;]\" \/>\n<meta property=\"og:url\" content=\"https:\/\/www.setapht.com\/en\/equipo-de-verificacion-de-membranas-de-osmosis-inversa\/\" \/>\n<meta property=\"og:site_name\" content=\"SETAPHT En\" \/>\n<meta property=\"article:modified_time\" content=\"2022-09-06T16:32:20+00:00\" \/>\n<meta property=\"og:image\" content=\"https:\/\/www.setapht.com\/en\/wp-content\/uploads\/sites\/5\/2022\/09\/IMG_2679-1-1.jpeg\" \/>\n\t<meta property=\"og:image:width\" content=\"1200\" \/>\n\t<meta property=\"og:image:height\" content=\"900\" \/>\n\t<meta property=\"og:image:type\" content=\"image\/jpeg\" \/>\n<meta name=\"twitter:card\" content=\"summary_large_image\" \/>\n<meta name=\"twitter:label1\" content=\"Estimated reading time\" \/>\n\t<meta name=\"twitter:data1\" content=\"1 minute\" \/>\n<script type=\"application\/ld+json\" class=\"yoast-schema-graph\">{\"@context\":\"https:\/\/schema.org\",\"@graph\":[{\"@type\":\"WebPage\",\"@id\":\"https:\/\/www.setapht.com\/en\/equipo-de-verificacion-de-membranas-de-osmosis-inversa\/\",\"url\":\"https:\/\/www.setapht.com\/en\/equipo-de-verificacion-de-membranas-de-osmosis-inversa\/\",\"name\":\"Equipo de verificaci\u00f3n de membranas de \u00f3smosis inversa - SETAPHT En\",\"isPartOf\":{\"@id\":\"https:\/\/www.setapht.com\/en\/#website\"},\"primaryImageOfPage\":{\"@id\":\"https:\/\/www.setapht.com\/en\/equipo-de-verificacion-de-membranas-de-osmosis-inversa\/#primaryimage\"},\"image\":{\"@id\":\"https:\/\/www.setapht.com\/en\/equipo-de-verificacion-de-membranas-de-osmosis-inversa\/#primaryimage\"},\"thumbnailUrl\":\"https:\/\/www.setapht.com\/en\/wp-content\/uploads\/sites\/5\/2022\/09\/IMG_2679-1-1.jpeg\",\"datePublished\":\"2022-09-06T16:31:41+00:00\",\"dateModified\":\"2022-09-06T16:32:20+00:00\",\"breadcrumb\":{\"@id\":\"https:\/\/www.setapht.com\/en\/equipo-de-verificacion-de-membranas-de-osmosis-inversa\/#breadcrumb\"},\"inLanguage\":\"en-GB\",\"potentialAction\":[{\"@type\":\"ReadAction\",\"target\":[\"https:\/\/www.setapht.com\/en\/equipo-de-verificacion-de-membranas-de-osmosis-inversa\/\"]}]},{\"@type\":\"ImageObject\",\"inLanguage\":\"en-GB\",\"@id\":\"https:\/\/www.setapht.com\/en\/equipo-de-verificacion-de-membranas-de-osmosis-inversa\/#primaryimage\",\"url\":\"https:\/\/www.setapht.com\/en\/wp-content\/uploads\/sites\/5\/2022\/09\/IMG_2679-1-1.jpeg\",\"contentUrl\":\"https:\/\/www.setapht.com\/en\/wp-content\/uploads\/sites\/5\/2022\/09\/IMG_2679-1-1.jpeg\",\"width\":1200,\"height\":900},{\"@type\":\"BreadcrumbList\",\"@id\":\"https:\/\/www.setapht.com\/en\/equipo-de-verificacion-de-membranas-de-osmosis-inversa\/#breadcrumb\",\"itemListElement\":[{\"@type\":\"ListItem\",\"position\":1,\"name\":\"SETA\u1d3e\u1d34\u1d40\",\"item\":\"https:\/\/www.setapht.com\/en\/\"},{\"@type\":\"ListItem\",\"position\":2,\"name\":\"Equipo de verificaci\u00f3n de membranas de \u00f3smosis inversa\"}]},{\"@type\":\"WebSite\",\"@id\":\"https:\/\/www.setapht.com\/en\/#website\",\"url\":\"https:\/\/www.setapht.com\/en\/\",\"name\":\"SETAPHT En\",\"description\":\"Soluciones integrales para el tratamiento del agua\",\"publisher\":{\"@id\":\"https:\/\/www.setapht.com\/en\/#organization\"},\"potentialAction\":[{\"@type\":\"SearchAction\",\"target\":{\"@type\":\"EntryPoint\",\"urlTemplate\":\"https:\/\/www.setapht.com\/en\/?s={search_term_string}\"},\"query-input\":{\"@type\":\"PropertyValueSpecification\",\"valueRequired\":true,\"valueName\":\"search_term_string\"}}],\"inLanguage\":\"en-GB\"},{\"@type\":\"Organization\",\"@id\":\"https:\/\/www.setapht.com\/en\/#organization\",\"name\":\"SETAPHT En\",\"url\":\"https:\/\/www.setapht.com\/en\/\",\"logo\":{\"@type\":\"ImageObject\",\"inLanguage\":\"en-GB\",\"@id\":\"https:\/\/www.setapht.com\/en\/#\/schema\/logo\/image\/\",\"url\":\"https:\/\/www.setapht.com\/en\/wp-content\/uploads\/sites\/5\/2021\/03\/Logotipo-web-600px.png\",\"contentUrl\":\"https:\/\/www.setapht.com\/en\/wp-content\/uploads\/sites\/5\/2021\/03\/Logotipo-web-600px.png\",\"width\":600,\"height\":133,\"caption\":\"SETAPHT En\"},\"image\":{\"@id\":\"https:\/\/www.setapht.com\/en\/#\/schema\/logo\/image\/\"}}]}<\/script>\n<!-- \/ Yoast SEO plugin. -->","yoast_head_json":{"title":"Equipo de verificaci\u00f3n de membranas de \u00f3smosis inversa - SETAPHT En","robots":{"index":"index","follow":"follow","max-snippet":"max-snippet:-1","max-image-preview":"max-image-preview:large","max-video-preview":"max-video-preview:-1"},"canonical":"https:\/\/www.setapht.com\/en\/equipo-de-verificacion-de-membranas-de-osmosis-inversa\/","og_locale":"en_GB","og_type":"article","og_title":"Equipo de verificaci\u00f3n de membranas de \u00f3smosis inversa - SETAPHT En","og_description":"https:\/\/www.youtube.com\/watch?v=GLdpOcrjDP4 Un equipo de verificaci\u00f3n de membranas SETA PHT, como el que pod\u00e9is ver en el v\u00eddeo, es id\u00f3neo para el sector industrial o para cualquier tipo de aplicaci\u00f3n donde la tecnolog\u00eda empleada sea la \u00f3smosis inversa, ya que tiene como objeto la comprobaci\u00f3n, verificaci\u00f3n y restablecimiento de par\u00e1metros de funcionamiento de este proceso. Los [&hellip;]","og_url":"https:\/\/www.setapht.com\/en\/equipo-de-verificacion-de-membranas-de-osmosis-inversa\/","og_site_name":"SETAPHT En","article_modified_time":"2022-09-06T16:32:20+00:00","og_image":[{"width":1200,"height":900,"url":"https:\/\/www.setapht.com\/en\/wp-content\/uploads\/sites\/5\/2022\/09\/IMG_2679-1-1.jpeg","type":"image\/jpeg"}],"twitter_card":"summary_large_image","twitter_misc":{"Estimated reading time":"1 minute"},"schema":{"@context":"https:\/\/schema.org","@graph":[{"@type":"WebPage","@id":"https:\/\/www.setapht.com\/en\/equipo-de-verificacion-de-membranas-de-osmosis-inversa\/","url":"https:\/\/www.setapht.com\/en\/equipo-de-verificacion-de-membranas-de-osmosis-inversa\/","name":"Equipo de verificaci\u00f3n de membranas de \u00f3smosis inversa - SETAPHT En","isPartOf":{"@id":"https:\/\/www.setapht.com\/en\/#website"},"primaryImageOfPage":{"@id":"https:\/\/www.setapht.com\/en\/equipo-de-verificacion-de-membranas-de-osmosis-inversa\/#primaryimage"},"image":{"@id":"https:\/\/www.setapht.com\/en\/equipo-de-verificacion-de-membranas-de-osmosis-inversa\/#primaryimage"},"thumbnailUrl":"https:\/\/www.setapht.com\/en\/wp-content\/uploads\/sites\/5\/2022\/09\/IMG_2679-1-1.jpeg","datePublished":"2022-09-06T16:31:41+00:00","dateModified":"2022-09-06T16:32:20+00:00","breadcrumb":{"@id":"https:\/\/www.setapht.com\/en\/equipo-de-verificacion-de-membranas-de-osmosis-inversa\/#breadcrumb"},"inLanguage":"en-GB","potentialAction":[{"@type":"ReadAction","target":["https:\/\/www.setapht.com\/en\/equipo-de-verificacion-de-membranas-de-osmosis-inversa\/"]}]},{"@type":"ImageObject","inLanguage":"en-GB","@id":"https:\/\/www.setapht.com\/en\/equipo-de-verificacion-de-membranas-de-osmosis-inversa\/#primaryimage","url":"https:\/\/www.setapht.com\/en\/wp-content\/uploads\/sites\/5\/2022\/09\/IMG_2679-1-1.jpeg","contentUrl":"https:\/\/www.setapht.com\/en\/wp-content\/uploads\/sites\/5\/2022\/09\/IMG_2679-1-1.jpeg","width":1200,"height":900},{"@type":"BreadcrumbList","@id":"https:\/\/www.setapht.com\/en\/equipo-de-verificacion-de-membranas-de-osmosis-inversa\/#breadcrumb","itemListElement":[{"@type":"ListItem","position":1,"name":"SETA\u1d3e\u1d34\u1d40","item":"https:\/\/www.setapht.com\/en\/"},{"@type":"ListItem","position":2,"name":"Equipo de verificaci\u00f3n de membranas de \u00f3smosis inversa"}]},{"@type":"WebSite","@id":"https:\/\/www.setapht.com\/en\/#website","url":"https:\/\/www.setapht.com\/en\/","name":"SETAPHT En","description":"Soluciones integrales para el tratamiento del agua","publisher":{"@id":"https:\/\/www.setapht.com\/en\/#organization"},"potentialAction":[{"@type":"SearchAction","target":{"@type":"EntryPoint","urlTemplate":"https:\/\/www.setapht.com\/en\/?s={search_term_string}"},"query-input":{"@type":"PropertyValueSpecification","valueRequired":true,"valueName":"search_term_string"}}],"inLanguage":"en-GB"},{"@type":"Organization","@id":"https:\/\/www.setapht.com\/en\/#organization","name":"SETAPHT En","url":"https:\/\/www.setapht.com\/en\/","logo":{"@type":"ImageObject","inLanguage":"en-GB","@id":"https:\/\/www.setapht.com\/en\/#\/schema\/logo\/image\/","url":"https:\/\/www.setapht.com\/en\/wp-content\/uploads\/sites\/5\/2021\/03\/Logotipo-web-600px.png","contentUrl":"https:\/\/www.setapht.com\/en\/wp-content\/uploads\/sites\/5\/2021\/03\/Logotipo-web-600px.png","width":600,"height":133,"caption":"SETAPHT En"},"image":{"@id":"https:\/\/www.setapht.com\/en\/#\/schema\/logo\/image\/"}}]}},"_links":{"self":[{"href":"https:\/\/www.setapht.com\/en\/wp-json\/wp\/v2\/pages\/2523","targetHints":{"allow":["GET"]}}],"collection":[{"href":"https:\/\/www.setapht.com\/en\/wp-json\/wp\/v2\/pages"}],"about":[{"href":"https:\/\/www.setapht.com\/en\/wp-json\/wp\/v2\/types\/page"}],"author":[{"embeddable":true,"href":"https:\/\/www.setapht.com\/en\/wp-json\/wp\/v2\/users\/1"}],"replies":[{"embeddable":true,"href":"https:\/\/www.setapht.com\/en\/wp-json\/wp\/v2\/comments?post=2523"}],"version-history":[{"count":3,"href":"https:\/\/www.setapht.com\/en\/wp-json\/wp\/v2\/pages\/2523\/revisions"}],"predecessor-version":[{"id":2656,"href":"https:\/\/www.setapht.com\/en\/wp-json\/wp\/v2\/pages\/2523\/revisions\/2656"}],"wp:featuredmedia":[{"embeddable":true,"href":"https:\/\/www.setapht.com\/en\/wp-json\/wp\/v2\/media\/2529"}],"wp:attachment":[{"href":"https:\/\/www.setapht.com\/en\/wp-json\/wp\/v2\/media?parent=2523"}],"curies":[{"name":"wp","href":"https:\/\/api.w.org\/{rel}","templated":true}]}}