{"id":519,"date":"2021-03-15T08:31:10","date_gmt":"2021-03-15T08:31:10","guid":{"rendered":"https:\/\/www.setapht.com\/?page_id=519"},"modified":"2022-10-09T20:00:09","modified_gmt":"2022-10-09T20:00:09","slug":"setapht-consulting","status":"publish","type":"page","link":"https:\/\/www.setapht.com\/en\/setapht-consulting\/","title":{"rendered":"SETAPHT Consulting"},"content":{"rendered":"\t\t<div data-elementor-type=\"wp-page\" data-elementor-id=\"519\" class=\"elementor elementor-519\" data-elementor-post-type=\"page\">\n\t\t\t\t\t\t<section class=\"elementor-section elementor-top-section elementor-element elementor-element-12d8f8b elementor-section-boxed elementor-section-height-default elementor-section-height-default\" data-id=\"12d8f8b\" data-element_type=\"section\" data-e-type=\"section\">\n\t\t\t\t\t\t<div class=\"elementor-container elementor-column-gap-default\">\n\t\t\t\t\t<div class=\"elementor-column elementor-col-100 elementor-top-column elementor-element elementor-element-cd6b617\" data-id=\"cd6b617\" data-element_type=\"column\" data-e-type=\"column\">\n\t\t\t<div class=\"elementor-widget-wrap elementor-element-populated\">\n\t\t\t\t\t\t<div class=\"elementor-element elementor-element-c7e5ba3 elementor-widget elementor-widget-heading\" data-id=\"c7e5ba3\" data-element_type=\"widget\" data-e-type=\"widget\" data-widget_type=\"heading.default\">\n\t\t\t\t<div class=\"elementor-widget-container\">\n\t\t\t\t\t<h1 class=\"elementor-heading-title elementor-size-default\">SETAPHT Consulting<\/h1>\t\t\t\t<\/div>\n\t\t\t\t<\/div>\n\t\t\t\t<div class=\"elementor-element elementor-element-22418e3 elementor-widget elementor-widget-text-editor\" data-id=\"22418e3\" data-element_type=\"widget\" data-e-type=\"widget\" data-widget_type=\"text-editor.default\">\n\t\t\t\t<div class=\"elementor-widget-container\">\n\t\t\t\t\t\t\t\t\tComplete the form below, one of our experts will study your case and give you the best options for water treatment.\t\t\t\t\t\t\t\t<\/div>\n\t\t\t\t<\/div>\n\t\t\t\t\t<\/div>\n\t\t<\/div>\n\t\t\t\t\t<\/div>\n\t\t<\/section>\n\t\t\t\t<\/div>\n\t\t","protected":false},"excerpt":{"rendered":"<p>Complete the form below, one of our experts will study your case and give you the best options for water treatment. 1Proyecto2Fuente de suministro de agua actual3Necesidades agua tratada4Datos de contacto Nombre(Required) First Last Instituci\u00f3n(Required) Pa\u00eds(Required)Afghanist\u00e1nAlbaniaAlemaniaAndorraAngolaAnguillaAntigua y BarbudaAnt\u00e1rtidaArabia SauditaArgeliaArgentinaArmeniaArubaAustraliaAustriaAzerbaiy\u00e1nBahamasBangladeshBarbadosBar\u00e9inBeliceBeninBermudaBhut\u00e1nBielorusiaBoliviaBonaire, San Eustaquio y SabaBosnia y HerzegovinaBotswanaBrasilBrunei DarussalamBulgariaBurkina FasoBurundiB\u00e9gicaCabo VerdeCamboyaCamer\u00fanCanadaChadChileChinaChipreColombiaComorasCongo, Rep\u00fablica Democr\u00e1tica delCongo, Rep\u00fablica deCorea del NorteCorea [&hellip;]<\/p>\n","protected":false},"author":1,"featured_media":0,"parent":0,"menu_order":0,"comment_status":"closed","ping_status":"closed","template":"","meta":{"content-type":"","_eb_attr":"","footnotes":""},"class_list":["post-519","page","type-page","status-publish","hentry"],"yoast_head":"<!-- This site is optimized with the Yoast SEO plugin v25.8 - https:\/\/yoast.com\/wordpress\/plugins\/seo\/ -->\n<title>SETAPHT Consulting - SETAPHT En<\/title>\n<meta name=\"robots\" content=\"noindex, follow\" \/>\n<meta property=\"og:locale\" content=\"en_GB\" \/>\n<meta property=\"og:type\" content=\"article\" \/>\n<meta property=\"og:title\" content=\"SETAPHT Consulting - SETAPHT En\" \/>\n<meta property=\"og:description\" content=\"Complete the form below, one of our experts will study your case and give you the best options for water treatment. 1Proyecto2Fuente de suministro de agua actual3Necesidades agua tratada4Datos de contacto Nombre(Required) First Last Instituci\u00f3n(Required) Pa\u00eds(Required)Afghanist\u00e1nAlbaniaAlemaniaAndorraAngolaAnguillaAntigua y BarbudaAnt\u00e1rtidaArabia SauditaArgeliaArgentinaArmeniaArubaAustraliaAustriaAzerbaiy\u00e1nBahamasBangladeshBarbadosBar\u00e9inBeliceBeninBermudaBhut\u00e1nBielorusiaBoliviaBonaire, San Eustaquio y SabaBosnia y HerzegovinaBotswanaBrasilBrunei DarussalamBulgariaBurkina FasoBurundiB\u00e9gicaCabo VerdeCamboyaCamer\u00fanCanadaChadChileChinaChipreColombiaComorasCongo, Rep\u00fablica Democr\u00e1tica delCongo, Rep\u00fablica deCorea del NorteCorea [&hellip;]\" \/>\n<meta property=\"og:url\" content=\"https:\/\/www.setapht.com\/en\/setapht-consulting\/\" \/>\n<meta property=\"og:site_name\" content=\"SETAPHT En\" \/>\n<meta property=\"article:modified_time\" content=\"2022-10-09T20:00:09+00:00\" \/>\n<meta name=\"twitter:card\" content=\"summary_large_image\" \/>\n<meta name=\"twitter:label1\" content=\"Estimated reading time\" \/>\n\t<meta name=\"twitter:data1\" content=\"3 minutes\" \/>\n<script type=\"application\/ld+json\" class=\"yoast-schema-graph\">{\"@context\":\"https:\/\/schema.org\",\"@graph\":[{\"@type\":\"WebPage\",\"@id\":\"https:\/\/www.setapht.com\/en\/setapht-consulting\/\",\"url\":\"https:\/\/www.setapht.com\/en\/setapht-consulting\/\",\"name\":\"SETAPHT Consulting - SETAPHT En\",\"isPartOf\":{\"@id\":\"https:\/\/www.setapht.com\/en\/#website\"},\"datePublished\":\"2021-03-15T08:31:10+00:00\",\"dateModified\":\"2022-10-09T20:00:09+00:00\",\"breadcrumb\":{\"@id\":\"https:\/\/www.setapht.com\/en\/setapht-consulting\/#breadcrumb\"},\"inLanguage\":\"en-GB\",\"potentialAction\":[{\"@type\":\"ReadAction\",\"target\":[\"https:\/\/www.setapht.com\/en\/setapht-consulting\/\"]}]},{\"@type\":\"BreadcrumbList\",\"@id\":\"https:\/\/www.setapht.com\/en\/setapht-consulting\/#breadcrumb\",\"itemListElement\":[{\"@type\":\"ListItem\",\"position\":1,\"name\":\"SETA\u1d3e\u1d34\u1d40\",\"item\":\"https:\/\/www.setapht.com\/en\/\"},{\"@type\":\"ListItem\",\"position\":2,\"name\":\"SETAPHT Consulting\"}]},{\"@type\":\"WebSite\",\"@id\":\"https:\/\/www.setapht.com\/en\/#website\",\"url\":\"https:\/\/www.setapht.com\/en\/\",\"name\":\"SETAPHT En\",\"description\":\"Soluciones integrales para el tratamiento del agua\",\"publisher\":{\"@id\":\"https:\/\/www.setapht.com\/en\/#organization\"},\"potentialAction\":[{\"@type\":\"SearchAction\",\"target\":{\"@type\":\"EntryPoint\",\"urlTemplate\":\"https:\/\/www.setapht.com\/en\/?s={search_term_string}\"},\"query-input\":{\"@type\":\"PropertyValueSpecification\",\"valueRequired\":true,\"valueName\":\"search_term_string\"}}],\"inLanguage\":\"en-GB\"},{\"@type\":\"Organization\",\"@id\":\"https:\/\/www.setapht.com\/en\/#organization\",\"name\":\"SETAPHT En\",\"url\":\"https:\/\/www.setapht.com\/en\/\",\"logo\":{\"@type\":\"ImageObject\",\"inLanguage\":\"en-GB\",\"@id\":\"https:\/\/www.setapht.com\/en\/#\/schema\/logo\/image\/\",\"url\":\"https:\/\/www.setapht.com\/en\/wp-content\/uploads\/sites\/5\/2021\/03\/Logotipo-web-600px.png\",\"contentUrl\":\"https:\/\/www.setapht.com\/en\/wp-content\/uploads\/sites\/5\/2021\/03\/Logotipo-web-600px.png\",\"width\":600,\"height\":133,\"caption\":\"SETAPHT En\"},\"image\":{\"@id\":\"https:\/\/www.setapht.com\/en\/#\/schema\/logo\/image\/\"}}]}<\/script>\n<!-- \/ Yoast SEO plugin. -->","yoast_head_json":{"title":"SETAPHT Consulting - SETAPHT En","robots":{"index":"noindex","follow":"follow"},"og_locale":"en_GB","og_type":"article","og_title":"SETAPHT Consulting - SETAPHT En","og_description":"Complete the form below, one of our experts will study your case and give you the best options for water treatment. 1Proyecto2Fuente de suministro de agua actual3Necesidades agua tratada4Datos de contacto Nombre(Required) First Last Instituci\u00f3n(Required) Pa\u00eds(Required)Afghanist\u00e1nAlbaniaAlemaniaAndorraAngolaAnguillaAntigua y BarbudaAnt\u00e1rtidaArabia SauditaArgeliaArgentinaArmeniaArubaAustraliaAustriaAzerbaiy\u00e1nBahamasBangladeshBarbadosBar\u00e9inBeliceBeninBermudaBhut\u00e1nBielorusiaBoliviaBonaire, San Eustaquio y SabaBosnia y HerzegovinaBotswanaBrasilBrunei DarussalamBulgariaBurkina FasoBurundiB\u00e9gicaCabo VerdeCamboyaCamer\u00fanCanadaChadChileChinaChipreColombiaComorasCongo, Rep\u00fablica Democr\u00e1tica delCongo, Rep\u00fablica deCorea del NorteCorea [&hellip;]","og_url":"https:\/\/www.setapht.com\/en\/setapht-consulting\/","og_site_name":"SETAPHT En","article_modified_time":"2022-10-09T20:00:09+00:00","twitter_card":"summary_large_image","twitter_misc":{"Estimated reading time":"3 minutes"},"schema":{"@context":"https:\/\/schema.org","@graph":[{"@type":"WebPage","@id":"https:\/\/www.setapht.com\/en\/setapht-consulting\/","url":"https:\/\/www.setapht.com\/en\/setapht-consulting\/","name":"SETAPHT Consulting - SETAPHT En","isPartOf":{"@id":"https:\/\/www.setapht.com\/en\/#website"},"datePublished":"2021-03-15T08:31:10+00:00","dateModified":"2022-10-09T20:00:09+00:00","breadcrumb":{"@id":"https:\/\/www.setapht.com\/en\/setapht-consulting\/#breadcrumb"},"inLanguage":"en-GB","potentialAction":[{"@type":"ReadAction","target":["https:\/\/www.setapht.com\/en\/setapht-consulting\/"]}]},{"@type":"BreadcrumbList","@id":"https:\/\/www.setapht.com\/en\/setapht-consulting\/#breadcrumb","itemListElement":[{"@type":"ListItem","position":1,"name":"SETA\u1d3e\u1d34\u1d40","item":"https:\/\/www.setapht.com\/en\/"},{"@type":"ListItem","position":2,"name":"SETAPHT Consulting"}]},{"@type":"WebSite","@id":"https:\/\/www.setapht.com\/en\/#website","url":"https:\/\/www.setapht.com\/en\/","name":"SETAPHT En","description":"Soluciones integrales para el tratamiento del agua","publisher":{"@id":"https:\/\/www.setapht.com\/en\/#organization"},"potentialAction":[{"@type":"SearchAction","target":{"@type":"EntryPoint","urlTemplate":"https:\/\/www.setapht.com\/en\/?s={search_term_string}"},"query-input":{"@type":"PropertyValueSpecification","valueRequired":true,"valueName":"search_term_string"}}],"inLanguage":"en-GB"},{"@type":"Organization","@id":"https:\/\/www.setapht.com\/en\/#organization","name":"SETAPHT En","url":"https:\/\/www.setapht.com\/en\/","logo":{"@type":"ImageObject","inLanguage":"en-GB","@id":"https:\/\/www.setapht.com\/en\/#\/schema\/logo\/image\/","url":"https:\/\/www.setapht.com\/en\/wp-content\/uploads\/sites\/5\/2021\/03\/Logotipo-web-600px.png","contentUrl":"https:\/\/www.setapht.com\/en\/wp-content\/uploads\/sites\/5\/2021\/03\/Logotipo-web-600px.png","width":600,"height":133,"caption":"SETAPHT En"},"image":{"@id":"https:\/\/www.setapht.com\/en\/#\/schema\/logo\/image\/"}}]}},"_links":{"self":[{"href":"https:\/\/www.setapht.com\/en\/wp-json\/wp\/v2\/pages\/519","targetHints":{"allow":["GET"]}}],"collection":[{"href":"https:\/\/www.setapht.com\/en\/wp-json\/wp\/v2\/pages"}],"about":[{"href":"https:\/\/www.setapht.com\/en\/wp-json\/wp\/v2\/types\/page"}],"author":[{"embeddable":true,"href":"https:\/\/www.setapht.com\/en\/wp-json\/wp\/v2\/users\/1"}],"replies":[{"embeddable":true,"href":"https:\/\/www.setapht.com\/en\/wp-json\/wp\/v2\/comments?post=519"}],"version-history":[{"count":11,"href":"https:\/\/www.setapht.com\/en\/wp-json\/wp\/v2\/pages\/519\/revisions"}],"predecessor-version":[{"id":2937,"href":"https:\/\/www.setapht.com\/en\/wp-json\/wp\/v2\/pages\/519\/revisions\/2937"}],"wp:attachment":[{"href":"https:\/\/www.setapht.com\/en\/wp-json\/wp\/v2\/media?parent=519"}],"curies":[{"name":"wp","href":"https:\/\/api.w.org\/{rel}","templated":true}]}}