{"id":1832,"date":"2022-02-02T11:46:42","date_gmt":"2022-02-02T11:46:42","guid":{"rendered":"https:\/\/www.setapht.com\/?page_id=1832"},"modified":"2022-10-26T12:28:13","modified_gmt":"2022-10-26T12:28:13","slug":"setaqua-3e","status":"publish","type":"page","link":"https:\/\/www.setapht.com\/fr\/setaqua-3e\/","title":{"rendered":"SETAQUA 3E"},"content":{"rendered":"\t\t<div data-elementor-type=\"wp-page\" data-elementor-id=\"1832\" class=\"elementor elementor-1832\" data-elementor-post-type=\"page\">\n\t\t\t\t\t\t<section class=\"elementor-section elementor-top-section elementor-element elementor-element-f8f9d92 elementor-section-boxed elementor-section-height-default elementor-section-height-default\" data-id=\"f8f9d92\" data-element_type=\"section\" data-e-type=\"section\">\n\t\t\t\t\t\t<div class=\"elementor-container elementor-column-gap-default\">\n\t\t\t\t\t<div class=\"elementor-column elementor-col-100 elementor-top-column elementor-element elementor-element-269e8a4\" data-id=\"269e8a4\" data-element_type=\"column\" data-e-type=\"column\">\n\t\t\t<div class=\"elementor-widget-wrap elementor-element-populated\">\n\t\t\t\t\t\t<div class=\"elementor-element elementor-element-fb9f9e6 elementor-widget elementor-widget-heading\" data-id=\"fb9f9e6\" data-element_type=\"widget\" data-e-type=\"widget\" data-widget_type=\"heading.default\">\n\t\t\t\t<div class=\"elementor-widget-container\">\n\t\t\t\t\t<h1 class=\"elementor-heading-title elementor-size-default\">SETAQUA 3E<\/h1>\t\t\t\t<\/div>\n\t\t\t\t<\/div>\n\t\t\t\t<div class=\"elementor-element elementor-element-1fa95a9 elementor-widget elementor-widget-heading\" data-id=\"1fa95a9\" data-element_type=\"widget\" data-e-type=\"widget\" data-widget_type=\"heading.default\">\n\t\t\t\t<div class=\"elementor-widget-container\">\n\t\t\t\t\t<h2 class=\"elementor-heading-title elementor-size-default\">Installations de traitement des eaux en conteneur<\/h2>\t\t\t\t<\/div>\n\t\t\t\t<\/div>\n\t\t\t\t\t<\/div>\n\t\t<\/div>\n\t\t\t\t\t<\/div>\n\t\t<\/section>\n\t\t\t\t<section class=\"elementor-section elementor-top-section elementor-element elementor-element-787de375 elementor-section-boxed elementor-section-height-default elementor-section-height-default\" data-id=\"787de375\" data-element_type=\"section\" data-e-type=\"section\">\n\t\t\t\t\t\t<div class=\"elementor-container elementor-column-gap-default\">\n\t\t\t\t\t<div class=\"elementor-column elementor-col-50 elementor-top-column elementor-element elementor-element-39f13cfd\" data-id=\"39f13cfd\" data-element_type=\"column\" data-e-type=\"column\">\n\t\t\t<div class=\"elementor-widget-wrap elementor-element-populated\">\n\t\t\t\t\t\t<div class=\"elementor-element elementor-element-55e589a elementor-widget elementor-widget-video\" data-id=\"55e589a\" data-element_type=\"widget\" data-e-type=\"widget\" data-settings=\"{&quot;youtube_url&quot;:&quot;https:\\\/\\\/www.youtube.com\\\/watch?v=Q1fZ_2D-664&quot;,&quot;video_type&quot;:&quot;youtube&quot;,&quot;controls&quot;:&quot;yes&quot;}\" data-widget_type=\"video.default\">\n\t\t\t\t<div class=\"elementor-widget-container\">\n\t\t\t\t\t\t\t<div class=\"elementor-wrapper elementor-open-inline\">\n\t\t\t<div class=\"elementor-video\"><\/div>\t\t<\/div>\n\t\t\t\t\t\t<\/div>\n\t\t\t\t<\/div>\n\t\t\t\t\t<\/div>\n\t\t<\/div>\n\t\t\t\t<div class=\"elementor-column elementor-col-50 elementor-top-column elementor-element elementor-element-8b76170\" data-id=\"8b76170\" data-element_type=\"column\" data-e-type=\"column\">\n\t\t\t<div class=\"elementor-widget-wrap elementor-element-populated\">\n\t\t\t\t\t\t<div class=\"elementor-element elementor-element-0d7d0a2 elementor-widget elementor-widget-text-editor\" data-id=\"0d7d0a2\" data-element_type=\"widget\" data-e-type=\"widget\" data-widget_type=\"text-editor.default\">\n\t\t\t\t<div class=\"elementor-widget-container\">\n\t\t\t\t\t\t\t\t\t<p><strong>SETA\u1d3e\u1d34\u1d40<\/strong> fabrique des usines de dessalement conteneuris\u00e9es, faciles \u00e0 transporter et pouvant \u00eatre install\u00e9es n&rsquo;importe o\u00f9. Ils ne n\u00e9cessitent qu&rsquo;une installation pr\u00e9alable minimale, de l&rsquo;\u00e9lectricit\u00e9, une arriv\u00e9e d&rsquo;eau et plusieurs sorties pour assurer une eau fra\u00eeche.<\/p><p>Dans cette vid\u00e9o, vous pouvez voir le mod\u00e8le SETAQUA 3E (triple effet physique, chimique et bact\u00e9riologique). Installation adapt\u00e9e au traitement des eaux dont la teneur en sel est sup\u00e9rieure \u00e0 1 g\/l (y compris l&rsquo;eau de mer), ind\u00e9pendamment de leur contenu bact\u00e9riologique.<\/p><p>La meilleure option pour obtenir une eau potable propre et transparente, exempte d&rsquo;odeurs, de go\u00fbts et de germes, et dont la teneur en sel est inf\u00e9rieure \u00e0 500 mg\/l.<\/p>\t\t\t\t\t\t\t\t<\/div>\n\t\t\t\t<\/div>\n\t\t\t\t\t<\/div>\n\t\t<\/div>\n\t\t\t\t\t<\/div>\n\t\t<\/section>\n\t\t\t\t<section class=\"elementor-section elementor-top-section elementor-element elementor-element-64f9ecb elementor-section-boxed elementor-section-height-default elementor-section-height-default\" data-id=\"64f9ecb\" data-element_type=\"section\" data-e-type=\"section\">\n\t\t\t\t\t\t<div class=\"elementor-container elementor-column-gap-default\">\n\t\t\t\t\t<div class=\"elementor-column elementor-col-50 elementor-top-column elementor-element elementor-element-24fcef0e\" data-id=\"24fcef0e\" data-element_type=\"column\" data-e-type=\"column\" data-settings=\"{&quot;background_background&quot;:&quot;classic&quot;}\">\n\t\t\t<div class=\"elementor-widget-wrap\">\n\t\t\t\t\t\t\t<\/div>\n\t\t<\/div>\n\t\t\t\t<div class=\"elementor-column elementor-col-50 elementor-top-column elementor-element elementor-element-7535563\" data-id=\"7535563\" data-element_type=\"column\" data-e-type=\"column\">\n\t\t\t<div class=\"elementor-widget-wrap elementor-element-populated\">\n\t\t\t\t\t\t<div class=\"elementor-element elementor-element-b18ef03 gallery-spacing-custom elementor-widget elementor-widget-image-gallery\" data-id=\"b18ef03\" data-element_type=\"widget\" data-e-type=\"widget\" data-widget_type=\"image-gallery.default\">\n\t\t\t\t<div class=\"elementor-widget-container\">\n\t\t\t\t\t\t\t<div class=\"elementor-image-gallery\">\n\t\t\t<div id='gallery-1' class='gallery galleryid-1832 gallery-columns-1 gallery-size-medium'><figure class='gallery-item'>\n\t\t\t<div class='gallery-icon landscape'>\n\t\t\t\t<a data-elementor-open-lightbox=\"yes\" data-elementor-lightbox-slideshow=\"b18ef03\" data-elementor-lightbox-title=\"potabilizadora-movil\" data-e-action-hash=\"#elementor-action%3Aaction%3Dlightbox%26settings%3DeyJpZCI6NzIwLCJ1cmwiOiJodHRwczpcL1wvd3d3LnNldGFwaHQuY29tXC9mclwvd3AtY29udGVudFwvdXBsb2Fkc1wvc2l0ZXNcLzRcLzIwMjFcLzAzXC9wb3RhYmlsaXphZG9yYS1tb3ZpbC0xLmpwZyIsInNsaWRlc2hvdyI6ImIxOGVmMDMifQ%3D%3D\" href='https:\/\/www.setapht.com\/fr\/wp-content\/uploads\/sites\/4\/2021\/03\/potabilizadora-movil-1.jpg'><img fetchpriority=\"high\" decoding=\"async\" width=\"300\" height=\"225\" src=\"https:\/\/www.setapht.com\/fr\/wp-content\/uploads\/sites\/4\/2021\/03\/potabilizadora-movil-1-300x225.jpg\" class=\"attachment-medium size-medium\" alt=\"\" srcset=\"https:\/\/www.setapht.com\/fr\/wp-content\/uploads\/sites\/4\/2021\/03\/potabilizadora-movil-1-300x225.jpg 300w, https:\/\/www.setapht.com\/fr\/wp-content\/uploads\/sites\/4\/2021\/03\/potabilizadora-movil-1-768x576.jpg 768w, https:\/\/www.setapht.com\/fr\/wp-content\/uploads\/sites\/4\/2021\/03\/potabilizadora-movil-1.jpg 800w\" sizes=\"(max-width: 300px) 100vw, 300px\" \/><\/a>\n\t\t\t<\/div><\/figure><figure class='gallery-item'>\n\t\t\t<div class='gallery-icon landscape'>\n\t\t\t\t<a data-elementor-open-lightbox=\"yes\" data-elementor-lightbox-slideshow=\"b18ef03\" data-elementor-lightbox-title=\"Plantas de tratamiento de agua contenerizadas\" data-e-action-hash=\"#elementor-action%3Aaction%3Dlightbox%26settings%3DeyJpZCI6MTIzMSwidXJsIjoiaHR0cHM6XC9cL3d3dy5zZXRhcGh0LmNvbVwvZnJcL3dwLWNvbnRlbnRcL3VwbG9hZHNcL3NpdGVzXC80XC8yMDIxXC8wN1wvUGxhbnRhcy1kZS10cmF0YW1pZW50by1kZS1hZ3VhLWNvbnRlbmVyaXphZGFzLnBuZyIsInNsaWRlc2hvdyI6ImIxOGVmMDMifQ%3D%3D\" href='https:\/\/www.setapht.com\/fr\/wp-content\/uploads\/sites\/4\/2021\/07\/Plantas-de-tratamiento-de-agua-contenerizadas.png'><img decoding=\"async\" width=\"300\" height=\"169\" src=\"https:\/\/www.setapht.com\/fr\/wp-content\/uploads\/sites\/4\/2021\/07\/Plantas-de-tratamiento-de-agua-contenerizadas-300x169.png\" class=\"attachment-medium size-medium\" alt=\"Plantas de tratamiento de agua contenerizadas\" srcset=\"https:\/\/www.setapht.com\/fr\/wp-content\/uploads\/sites\/4\/2021\/07\/Plantas-de-tratamiento-de-agua-contenerizadas-300x169.png 300w, https:\/\/www.setapht.com\/fr\/wp-content\/uploads\/sites\/4\/2021\/07\/Plantas-de-tratamiento-de-agua-contenerizadas-1024x576.png 1024w, https:\/\/www.setapht.com\/fr\/wp-content\/uploads\/sites\/4\/2021\/07\/Plantas-de-tratamiento-de-agua-contenerizadas-768x432.png 768w, https:\/\/www.setapht.com\/fr\/wp-content\/uploads\/sites\/4\/2021\/07\/Plantas-de-tratamiento-de-agua-contenerizadas.png 1280w\" sizes=\"(max-width: 300px) 100vw, 300px\" \/><\/a>\n\t\t\t<\/div><\/figure><figure class='gallery-item'>\n\t\t\t<div class='gallery-icon landscape'>\n\t\t\t\t<a data-elementor-open-lightbox=\"yes\" data-elementor-lightbox-slideshow=\"b18ef03\" data-elementor-lightbox-title=\"Planta desalinizadora en contenedor\" data-e-action-hash=\"#elementor-action%3Aaction%3Dlightbox%26settings%3DeyJpZCI6MTI1OSwidXJsIjoiaHR0cHM6XC9cL3d3dy5zZXRhcGh0LmNvbVwvZnJcL3dwLWNvbnRlbnRcL3VwbG9hZHNcL3NpdGVzXC80XC8yMDIxXC8wN1wvUGxhbnRhLWRlc2FsaW5pemFkb3JhLWVuLWNvbnRlbmVkb3IucG5nIiwic2xpZGVzaG93IjoiYjE4ZWYwMyJ9\" href='https:\/\/www.setapht.com\/fr\/wp-content\/uploads\/sites\/4\/2021\/07\/Planta-desalinizadora-en-contenedor.png'><img decoding=\"async\" width=\"300\" height=\"169\" src=\"https:\/\/www.setapht.com\/fr\/wp-content\/uploads\/sites\/4\/2021\/07\/Planta-desalinizadora-en-contenedor-300x169.png\" class=\"attachment-medium size-medium\" alt=\"Planta desalinizadora en contenedor\" srcset=\"https:\/\/www.setapht.com\/fr\/wp-content\/uploads\/sites\/4\/2021\/07\/Planta-desalinizadora-en-contenedor-300x169.png 300w, https:\/\/www.setapht.com\/fr\/wp-content\/uploads\/sites\/4\/2021\/07\/Planta-desalinizadora-en-contenedor-1024x576.png 1024w, https:\/\/www.setapht.com\/fr\/wp-content\/uploads\/sites\/4\/2021\/07\/Planta-desalinizadora-en-contenedor-768x432.png 768w, https:\/\/www.setapht.com\/fr\/wp-content\/uploads\/sites\/4\/2021\/07\/Planta-desalinizadora-en-contenedor.png 1280w\" sizes=\"(max-width: 300px) 100vw, 300px\" \/><\/a>\n\t\t\t<\/div><\/figure>\n\t\t<\/div>\n\t\t<\/div>\n\t\t\t\t\t\t<\/div>\n\t\t\t\t<\/div>\n\t\t\t\t\t<\/div>\n\t\t<\/div>\n\t\t\t\t\t<\/div>\n\t\t<\/section>\n\t\t\t\t<\/div>\n\t\t","protected":false},"excerpt":{"rendered":"<p>Installations de traitement des eaux en conteneur https:\/\/www.youtube.com\/watch?v=Q1fZ_2D-664 SETA\u1d3e\u1d34\u1d40 fabrique des usines de dessalement conteneuris\u00e9es, faciles \u00e0 transporter et pouvant \u00eatre install\u00e9es n&rsquo;importe o\u00f9. Ils ne n\u00e9cessitent qu&rsquo;une installation pr\u00e9alable minimale, de l&rsquo;\u00e9lectricit\u00e9, une arriv\u00e9e d&rsquo;eau et plusieurs sorties pour assurer une eau fra\u00eeche. Dans cette vid\u00e9o, vous pouvez voir le mod\u00e8le SETAQUA 3E (triple [&hellip;]<\/p>\n","protected":false},"author":1,"featured_media":1107,"parent":0,"menu_order":0,"comment_status":"closed","ping_status":"closed","template":"","meta":{"content-type":"","footnotes":""},"class_list":["post-1832","page","type-page","status-publish","has-post-thumbnail","hentry"],"yoast_head":"<!-- This site is optimized with the Yoast SEO plugin v25.8 - https:\/\/yoast.com\/wordpress\/plugins\/seo\/ -->\n<title>SETAQUA 3E - SETAPHT Fr<\/title>\n<meta name=\"robots\" content=\"index, follow, max-snippet:-1, max-image-preview:large, max-video-preview:-1\" \/>\n<link rel=\"canonical\" href=\"https:\/\/www.setapht.com\/fr\/setaqua-3e\/\" \/>\n<meta property=\"og:locale\" content=\"fr_FR\" \/>\n<meta property=\"og:type\" content=\"article\" \/>\n<meta property=\"og:title\" content=\"SETAQUA 3E - SETAPHT Fr\" \/>\n<meta property=\"og:description\" content=\"Installations de traitement des eaux en conteneur https:\/\/www.youtube.com\/watch?v=Q1fZ_2D-664 SETA\u1d3e\u1d34\u1d40 fabrique des usines de dessalement conteneuris\u00e9es, faciles \u00e0 transporter et pouvant \u00eatre install\u00e9es n&rsquo;importe o\u00f9. Ils ne n\u00e9cessitent qu&rsquo;une installation pr\u00e9alable minimale, de l&rsquo;\u00e9lectricit\u00e9, une arriv\u00e9e d&rsquo;eau et plusieurs sorties pour assurer une eau fra\u00eeche. Dans cette vid\u00e9o, vous pouvez voir le mod\u00e8le SETAQUA 3E (triple [&hellip;]\" \/>\n<meta property=\"og:url\" content=\"https:\/\/www.setapht.com\/fr\/setaqua-3e\/\" \/>\n<meta property=\"og:site_name\" content=\"SETAPHT Fr\" \/>\n<meta property=\"article:modified_time\" content=\"2022-10-26T12:28:13+00:00\" \/>\n<meta property=\"og:image\" content=\"https:\/\/www.setapht.com\/fr\/wp-content\/uploads\/sites\/4\/2021\/03\/IMG_2679-1.jpeg\" \/>\n\t<meta property=\"og:image:width\" content=\"1200\" \/>\n\t<meta property=\"og:image:height\" content=\"900\" \/>\n\t<meta property=\"og:image:type\" content=\"image\/jpeg\" \/>\n<meta name=\"twitter:card\" content=\"summary_large_image\" \/>\n<meta name=\"twitter:image\" content=\"https:\/\/www.setapht.com\/fr\/wp-content\/uploads\/sites\/4\/2021\/03\/IMG_2679-1.jpeg\" \/>\n<meta name=\"twitter:label1\" content=\"Dur\u00e9e de lecture estim\u00e9e\" \/>\n\t<meta name=\"twitter:data1\" content=\"2 minutes\" \/>\n<script type=\"application\/ld+json\" class=\"yoast-schema-graph\">{\"@context\":\"https:\/\/schema.org\",\"@graph\":[{\"@type\":\"WebPage\",\"@id\":\"https:\/\/www.setapht.com\/fr\/setaqua-3e\/\",\"url\":\"https:\/\/www.setapht.com\/fr\/setaqua-3e\/\",\"name\":\"SETAQUA 3E - SETAPHT Fr\",\"isPartOf\":{\"@id\":\"https:\/\/www.setapht.com\/fr\/#website\"},\"primaryImageOfPage\":{\"@id\":\"https:\/\/www.setapht.com\/fr\/setaqua-3e\/#primaryimage\"},\"image\":{\"@id\":\"https:\/\/www.setapht.com\/fr\/setaqua-3e\/#primaryimage\"},\"thumbnailUrl\":\"https:\/\/www.setapht.com\/fr\/wp-content\/uploads\/sites\/4\/2021\/03\/IMG_2679-1.jpeg\",\"datePublished\":\"2022-02-02T11:46:42+00:00\",\"dateModified\":\"2022-10-26T12:28:13+00:00\",\"breadcrumb\":{\"@id\":\"https:\/\/www.setapht.com\/fr\/setaqua-3e\/#breadcrumb\"},\"inLanguage\":\"fr-FR\",\"potentialAction\":[{\"@type\":\"ReadAction\",\"target\":[\"https:\/\/www.setapht.com\/fr\/setaqua-3e\/\"]}]},{\"@type\":\"ImageObject\",\"inLanguage\":\"fr-FR\",\"@id\":\"https:\/\/www.setapht.com\/fr\/setaqua-3e\/#primaryimage\",\"url\":\"https:\/\/www.setapht.com\/fr\/wp-content\/uploads\/sites\/4\/2021\/03\/IMG_2679-1.jpeg\",\"contentUrl\":\"https:\/\/www.setapht.com\/fr\/wp-content\/uploads\/sites\/4\/2021\/03\/IMG_2679-1.jpeg\",\"width\":1200,\"height\":900},{\"@type\":\"BreadcrumbList\",\"@id\":\"https:\/\/www.setapht.com\/fr\/setaqua-3e\/#breadcrumb\",\"itemListElement\":[{\"@type\":\"ListItem\",\"position\":1,\"name\":\"SETA\u1d3e\u1d34\u1d40\",\"item\":\"https:\/\/www.setapht.com\/fr\/\"},{\"@type\":\"ListItem\",\"position\":2,\"name\":\"SETAQUA 3E\"}]},{\"@type\":\"WebSite\",\"@id\":\"https:\/\/www.setapht.com\/fr\/#website\",\"url\":\"https:\/\/www.setapht.com\/fr\/\",\"name\":\"SETAPHT Fr\",\"description\":\"Soluciones integrales para el tratamiento del agua\",\"publisher\":{\"@id\":\"https:\/\/www.setapht.com\/fr\/#organization\"},\"potentialAction\":[{\"@type\":\"SearchAction\",\"target\":{\"@type\":\"EntryPoint\",\"urlTemplate\":\"https:\/\/www.setapht.com\/fr\/?s={search_term_string}\"},\"query-input\":{\"@type\":\"PropertyValueSpecification\",\"valueRequired\":true,\"valueName\":\"search_term_string\"}}],\"inLanguage\":\"fr-FR\"},{\"@type\":\"Organization\",\"@id\":\"https:\/\/www.setapht.com\/fr\/#organization\",\"name\":\"SETAPHT Fr\",\"url\":\"https:\/\/www.setapht.com\/fr\/\",\"logo\":{\"@type\":\"ImageObject\",\"inLanguage\":\"fr-FR\",\"@id\":\"https:\/\/www.setapht.com\/fr\/#\/schema\/logo\/image\/\",\"url\":\"https:\/\/www.setapht.com\/fr\/wp-content\/uploads\/sites\/4\/2021\/03\/Logotipo-web-600px.png\",\"contentUrl\":\"https:\/\/www.setapht.com\/fr\/wp-content\/uploads\/sites\/4\/2021\/03\/Logotipo-web-600px.png\",\"width\":600,\"height\":133,\"caption\":\"SETAPHT Fr\"},\"image\":{\"@id\":\"https:\/\/www.setapht.com\/fr\/#\/schema\/logo\/image\/\"}}]}<\/script>\n<!-- \/ Yoast SEO plugin. -->","yoast_head_json":{"title":"SETAQUA 3E - SETAPHT Fr","robots":{"index":"index","follow":"follow","max-snippet":"max-snippet:-1","max-image-preview":"max-image-preview:large","max-video-preview":"max-video-preview:-1"},"canonical":"https:\/\/www.setapht.com\/fr\/setaqua-3e\/","og_locale":"fr_FR","og_type":"article","og_title":"SETAQUA 3E - SETAPHT Fr","og_description":"Installations de traitement des eaux en conteneur https:\/\/www.youtube.com\/watch?v=Q1fZ_2D-664 SETA\u1d3e\u1d34\u1d40 fabrique des usines de dessalement conteneuris\u00e9es, faciles \u00e0 transporter et pouvant \u00eatre install\u00e9es n&rsquo;importe o\u00f9. Ils ne n\u00e9cessitent qu&rsquo;une installation pr\u00e9alable minimale, de l&rsquo;\u00e9lectricit\u00e9, une arriv\u00e9e d&rsquo;eau et plusieurs sorties pour assurer une eau fra\u00eeche. Dans cette vid\u00e9o, vous pouvez voir le mod\u00e8le SETAQUA 3E (triple [&hellip;]","og_url":"https:\/\/www.setapht.com\/fr\/setaqua-3e\/","og_site_name":"SETAPHT Fr","article_modified_time":"2022-10-26T12:28:13+00:00","og_image":[{"width":1200,"height":900,"url":"https:\/\/www.setapht.com\/fr\/wp-content\/uploads\/sites\/4\/2021\/03\/IMG_2679-1.jpeg","type":"image\/jpeg"}],"twitter_card":"summary_large_image","twitter_image":"https:\/\/www.setapht.com\/fr\/wp-content\/uploads\/sites\/4\/2021\/03\/IMG_2679-1.jpeg","twitter_misc":{"Dur\u00e9e de lecture estim\u00e9e":"2 minutes"},"schema":{"@context":"https:\/\/schema.org","@graph":[{"@type":"WebPage","@id":"https:\/\/www.setapht.com\/fr\/setaqua-3e\/","url":"https:\/\/www.setapht.com\/fr\/setaqua-3e\/","name":"SETAQUA 3E - SETAPHT Fr","isPartOf":{"@id":"https:\/\/www.setapht.com\/fr\/#website"},"primaryImageOfPage":{"@id":"https:\/\/www.setapht.com\/fr\/setaqua-3e\/#primaryimage"},"image":{"@id":"https:\/\/www.setapht.com\/fr\/setaqua-3e\/#primaryimage"},"thumbnailUrl":"https:\/\/www.setapht.com\/fr\/wp-content\/uploads\/sites\/4\/2021\/03\/IMG_2679-1.jpeg","datePublished":"2022-02-02T11:46:42+00:00","dateModified":"2022-10-26T12:28:13+00:00","breadcrumb":{"@id":"https:\/\/www.setapht.com\/fr\/setaqua-3e\/#breadcrumb"},"inLanguage":"fr-FR","potentialAction":[{"@type":"ReadAction","target":["https:\/\/www.setapht.com\/fr\/setaqua-3e\/"]}]},{"@type":"ImageObject","inLanguage":"fr-FR","@id":"https:\/\/www.setapht.com\/fr\/setaqua-3e\/#primaryimage","url":"https:\/\/www.setapht.com\/fr\/wp-content\/uploads\/sites\/4\/2021\/03\/IMG_2679-1.jpeg","contentUrl":"https:\/\/www.setapht.com\/fr\/wp-content\/uploads\/sites\/4\/2021\/03\/IMG_2679-1.jpeg","width":1200,"height":900},{"@type":"BreadcrumbList","@id":"https:\/\/www.setapht.com\/fr\/setaqua-3e\/#breadcrumb","itemListElement":[{"@type":"ListItem","position":1,"name":"SETA\u1d3e\u1d34\u1d40","item":"https:\/\/www.setapht.com\/fr\/"},{"@type":"ListItem","position":2,"name":"SETAQUA 3E"}]},{"@type":"WebSite","@id":"https:\/\/www.setapht.com\/fr\/#website","url":"https:\/\/www.setapht.com\/fr\/","name":"SETAPHT Fr","description":"Soluciones integrales para el tratamiento del agua","publisher":{"@id":"https:\/\/www.setapht.com\/fr\/#organization"},"potentialAction":[{"@type":"SearchAction","target":{"@type":"EntryPoint","urlTemplate":"https:\/\/www.setapht.com\/fr\/?s={search_term_string}"},"query-input":{"@type":"PropertyValueSpecification","valueRequired":true,"valueName":"search_term_string"}}],"inLanguage":"fr-FR"},{"@type":"Organization","@id":"https:\/\/www.setapht.com\/fr\/#organization","name":"SETAPHT Fr","url":"https:\/\/www.setapht.com\/fr\/","logo":{"@type":"ImageObject","inLanguage":"fr-FR","@id":"https:\/\/www.setapht.com\/fr\/#\/schema\/logo\/image\/","url":"https:\/\/www.setapht.com\/fr\/wp-content\/uploads\/sites\/4\/2021\/03\/Logotipo-web-600px.png","contentUrl":"https:\/\/www.setapht.com\/fr\/wp-content\/uploads\/sites\/4\/2021\/03\/Logotipo-web-600px.png","width":600,"height":133,"caption":"SETAPHT Fr"},"image":{"@id":"https:\/\/www.setapht.com\/fr\/#\/schema\/logo\/image\/"}}]}},"_links":{"self":[{"href":"https:\/\/www.setapht.com\/fr\/wp-json\/wp\/v2\/pages\/1832","targetHints":{"allow":["GET"]}}],"collection":[{"href":"https:\/\/www.setapht.com\/fr\/wp-json\/wp\/v2\/pages"}],"about":[{"href":"https:\/\/www.setapht.com\/fr\/wp-json\/wp\/v2\/types\/page"}],"author":[{"embeddable":true,"href":"https:\/\/www.setapht.com\/fr\/wp-json\/wp\/v2\/users\/1"}],"replies":[{"embeddable":true,"href":"https:\/\/www.setapht.com\/fr\/wp-json\/wp\/v2\/comments?post=1832"}],"version-history":[{"count":12,"href":"https:\/\/www.setapht.com\/fr\/wp-json\/wp\/v2\/pages\/1832\/revisions"}],"predecessor-version":[{"id":3015,"href":"https:\/\/www.setapht.com\/fr\/wp-json\/wp\/v2\/pages\/1832\/revisions\/3015"}],"wp:featuredmedia":[{"embeddable":true,"href":"https:\/\/www.setapht.com\/fr\/wp-json\/wp\/v2\/media\/1107"}],"wp:attachment":[{"href":"https:\/\/www.setapht.com\/fr\/wp-json\/wp\/v2\/media?parent=1832"}],"curies":[{"name":"wp","href":"https:\/\/api.w.org\/{rel}","templated":true}]}}