{"id":3133,"date":"2024-12-13T13:04:42","date_gmt":"2024-12-13T13:04:42","guid":{"rendered":"https:\/\/www.setapht.com\/fr\/historia-2\/"},"modified":"2025-01-17T13:49:06","modified_gmt":"2025-01-17T13:49:06","slug":"lhistoire","status":"publish","type":"page","link":"https:\/\/www.setapht.com\/fr\/lhistoire\/","title":{"rendered":"L&rsquo;histoire"},"content":{"rendered":"\t\t<div data-elementor-type=\"wp-page\" data-elementor-id=\"3133\" class=\"elementor elementor-3133\" data-elementor-post-type=\"page\">\n\t\t\t\t\t\t<section class=\"elementor-section elementor-top-section elementor-element elementor-element-06e7c7d elementor-section-height-min-height elementor-section-boxed elementor-section-height-default elementor-section-items-middle\" data-id=\"06e7c7d\" data-element_type=\"section\" data-e-type=\"section\" data-settings=\"{&quot;background_background&quot;:&quot;slideshow&quot;,&quot;background_slideshow_gallery&quot;:[{&quot;id&quot;:3198,&quot;url&quot;:&quot;https:\\\/\\\/www.setapht.com\\\/fr\\\/wp-content\\\/uploads\\\/sites\\\/4\\\/2025\\\/01\\\/2.png&quot;}],&quot;background_slideshow_loop&quot;:&quot;yes&quot;,&quot;background_slideshow_slide_duration&quot;:5000,&quot;background_slideshow_slide_transition&quot;:&quot;fade&quot;,&quot;background_slideshow_transition_duration&quot;:500}\">\n\t\t\t\t\t\t\t<div class=\"elementor-background-overlay\"><\/div>\n\t\t\t\t\t\t\t<div class=\"elementor-container elementor-column-gap-default\">\n\t\t\t\t\t<div class=\"elementor-column elementor-col-100 elementor-top-column elementor-element elementor-element-030a231\" data-id=\"030a231\" data-element_type=\"column\" data-e-type=\"column\">\n\t\t\t<div class=\"elementor-widget-wrap\">\n\t\t\t\t\t\t\t<\/div>\n\t\t<\/div>\n\t\t\t\t\t<\/div>\n\t\t<\/section>\n\t\t\t\t<section class=\"elementor-section elementor-top-section elementor-element elementor-element-584b5f1 elementor-section-content-top elementor-section-boxed elementor-section-height-default elementor-section-height-default\" data-id=\"584b5f1\" data-element_type=\"section\" data-e-type=\"section\">\n\t\t\t\t\t\t<div class=\"elementor-container elementor-column-gap-default\">\n\t\t\t\t\t<div class=\"elementor-column elementor-col-100 elementor-top-column elementor-element elementor-element-2be37d0\" data-id=\"2be37d0\" data-element_type=\"column\" data-e-type=\"column\">\n\t\t\t<div class=\"elementor-widget-wrap elementor-element-populated\">\n\t\t\t\t\t\t<div class=\"elementor-element elementor-element-c2c33d6 elementor-widget__width-auto elementor-widget elementor-widget-heading\" data-id=\"c2c33d6\" data-element_type=\"widget\" data-e-type=\"widget\" data-widget_type=\"heading.default\">\n\t\t\t\t<div class=\"elementor-widget-container\">\n\t\t\t\t\t<h1 class=\"elementor-heading-title elementor-size-default\">Une exp\u00e9rience de plus de 60 ans<\/h1>\t\t\t\t<\/div>\n\t\t\t\t<\/div>\n\t\t\t\t\t<\/div>\n\t\t<\/div>\n\t\t\t\t\t<\/div>\n\t\t<\/section>\n\t\t\t\t<section class=\"elementor-section elementor-top-section elementor-element elementor-element-7c0260bb elementor-section-boxed elementor-section-height-default elementor-section-height-default\" data-id=\"7c0260bb\" data-element_type=\"section\" data-e-type=\"section\">\n\t\t\t\t\t\t<div class=\"elementor-container elementor-column-gap-default\">\n\t\t\t\t\t<div class=\"elementor-column elementor-col-100 elementor-top-column elementor-element elementor-element-249cc624\" data-id=\"249cc624\" data-element_type=\"column\" data-e-type=\"column\">\n\t\t\t<div class=\"elementor-widget-wrap elementor-element-populated\">\n\t\t\t\t\t\t<div class=\"elementor-element elementor-element-556c3140 elementor-widget elementor-widget-text-editor\" data-id=\"556c3140\" data-element_type=\"widget\" data-e-type=\"widget\" data-widget_type=\"text-editor.default\">\n\t\t\t\t<div class=\"elementor-widget-container\">\n\t\t\t\t\t\t\t\t\t\t\t<div class=\"wpostahs-slider-wrp \" data-conf=\"{&quot;dots&quot;:&quot;false&quot;,&quot;arrows&quot;:&quot;true&quot;,&quot;loop&quot;:&quot;true&quot;,&quot;autoplay&quot;:&quot;true&quot;,&quot;autoplayInterval&quot;:&quot;5000&quot;,&quot;speed&quot;:&quot;1000&quot;,&quot;fade&quot;:&quot;false&quot;,&quot;rtl&quot;:&quot;false&quot;,&quot;centermode&quot;:&quot;true&quot;,&quot;slidestoshow&quot;:&quot;5&quot;,&quot;lazyload&quot;:&quot;&quot;}\">\r\n\t\t\t<div class=\"wpostahs-slider wpostahs-slider-inner-wrp wpostahs-slider-design-1\">\r\n\t\t\t\t\n<div id=\"wpostahs-slider-nav-1\" class=\"wpostahs-slider-nav-1 wpostahs-slider-nav wpostahs-slick-slider\" data-slider-nav-for='wpostahs-slider-for-1'>\n\t\n\t\t<div class=\"wpostahs-slider-nav-title\">\n\t\t\t<div class=\"wpostahs-main-title\">\n\t\t\t\t\t\t\t<img decoding=\"async\"  src=\"https:\/\/www.setapht.com\/fr\/wp-content\/uploads\/sites\/4\/2025\/01\/1-1-e1732534977339.jpg\" alt=\"1963\">\n\t\t\t1963\t\t\t<\/div>\n\t\t<\/div>\n\t\n\t\t<div class=\"wpostahs-slider-nav-title\">\n\t\t\t<div class=\"wpostahs-main-title\">\n\t\t\t\t\t\t\t<img decoding=\"async\"  src=\"https:\/\/www.setapht.com\/fr\/wp-content\/uploads\/sites\/4\/2025\/01\/3-1.jpg\" alt=\"1964\">\n\t\t\t1964\t\t\t<\/div>\n\t\t<\/div>\n\t\n\t\t<div class=\"wpostahs-slider-nav-title\">\n\t\t\t<div class=\"wpostahs-main-title\">\n\t\t\t\t\t\t\t<img decoding=\"async\"  src=\"https:\/\/www.setapht.com\/fr\/wp-content\/uploads\/sites\/4\/2025\/01\/4.jpg\" alt=\"1970\">\n\t\t\t1970\t\t\t<\/div>\n\t\t<\/div>\n\t\n\t\t<div class=\"wpostahs-slider-nav-title\">\n\t\t\t<div class=\"wpostahs-main-title\">\n\t\t\t\t\t\t\t<img decoding=\"async\"  src=\"https:\/\/www.setapht.com\/fr\/wp-content\/uploads\/sites\/4\/2025\/01\/5b-scaled-e1732205054392.jpg\" alt=\"1980\">\n\t\t\t1980\t\t\t<\/div>\n\t\t<\/div>\n\t\n\t\t<div class=\"wpostahs-slider-nav-title\">\n\t\t\t<div class=\"wpostahs-main-title\">\n\t\t\t\t\t\t\t<img decoding=\"async\"  src=\"https:\/\/www.setapht.com\/fr\/wp-content\/uploads\/sites\/4\/2025\/01\/6a-scaled-e1732205084274.jpg\" alt=\"1991\">\n\t\t\t1991\t\t\t<\/div>\n\t\t<\/div>\n\t\n\t\t<div class=\"wpostahs-slider-nav-title\">\n\t\t\t<div class=\"wpostahs-main-title\">\n\t\t\t\t\t\t\t<img decoding=\"async\"  src=\"https:\/\/www.setapht.com\/fr\/wp-content\/uploads\/sites\/4\/2025\/01\/7-e1732205405297.jpg\" alt=\"1994\">\n\t\t\t1994\t\t\t<\/div>\n\t\t<\/div>\n\t\n\t\t<div class=\"wpostahs-slider-nav-title\">\n\t\t\t<div class=\"wpostahs-main-title\">\n\t\t\t\t\t\t\t<img decoding=\"async\"  src=\"https:\/\/www.setapht.com\/fr\/wp-content\/uploads\/sites\/4\/2025\/01\/8-4-e1732207469390.jpg\" alt=\"1998\">\n\t\t\t1998\t\t\t<\/div>\n\t\t<\/div>\n\t\n\t\t<div class=\"wpostahs-slider-nav-title\">\n\t\t\t<div class=\"wpostahs-main-title\">\n\t\t\t\t\t\t\t<img decoding=\"async\"  src=\"https:\/\/www.setapht.com\/fr\/wp-content\/uploads\/sites\/4\/2025\/01\/9a-1-e1732206128729.jpg\" alt=\"2001-2011\">\n\t\t\t2001-2011\t\t\t<\/div>\n\t\t<\/div>\n\t\n\t\t<div class=\"wpostahs-slider-nav-title\">\n\t\t\t<div class=\"wpostahs-main-title\">\n\t\t\t\t\t\t\t<img decoding=\"async\"  src=\"https:\/\/www.setapht.com\/fr\/wp-content\/uploads\/sites\/4\/2025\/01\/10b-scaled-e1732206335715.jpg\" alt=\"2017\">\n\t\t\t2017\t\t\t<\/div>\n\t\t<\/div>\n\t\n\t\t<div class=\"wpostahs-slider-nav-title\">\n\t\t\t<div class=\"wpostahs-main-title\">\n\t\t\t\t\t\t\t<img decoding=\"async\"  src=\"https:\/\/www.setapht.com\/fr\/wp-content\/uploads\/sites\/4\/2025\/01\/11-e1732206370673.jpg\" alt=\"2020\">\n\t\t\t2020\t\t\t<\/div>\n\t\t<\/div>\n\t\n\t\t<div class=\"wpostahs-slider-nav-title\">\n\t\t\t<div class=\"wpostahs-main-title\">\n\t\t\t\t\t\t\t<img decoding=\"async\"  src=\"https:\/\/www.setapht.com\/fr\/wp-content\/uploads\/sites\/4\/2025\/01\/12-scaled-e1732203757843.jpg\" alt=\"2021\">\n\t\t\t2021\t\t\t<\/div>\n\t\t<\/div>\n\t\n\t\t<div class=\"wpostahs-slider-nav-title\">\n\t\t\t<div class=\"wpostahs-main-title\">\n\t\t\t\t\t\t\t<img decoding=\"async\"  src=\"https:\/\/www.setapht.com\/fr\/wp-content\/uploads\/sites\/4\/2025\/01\/13b-scaled-e1732204833475.jpg\" alt=\"2024\">\n\t\t\t2024\t\t\t<\/div>\n\t\t<\/div>\n\t<\/div>\n\n<div class=\"wpostahs-slider-for-1 wpostahs-slider-for wpostahs-slick-slider\">\n\t\t\t<div class=\"wpostahs-slider-nav-content\">\n\t\t\t<h2 class=\"wpostahs-centent-title\">1963<\/h2>\n\t\t\t<div class=\"wpostahs-centent\">\n\t\t\t\t<p>CONSTITUTION DE SETA<\/p>\n<p>En juillet 1963, l&rsquo;ing\u00e9nieur visionnaire Juan Antonio Garc\u00eda Arroyo a cr\u00e9\u00e9 l&rsquo;entreprise dans le but de d\u00e9velopper des solutions innovantes pour le traitement de l&rsquo;eau.<\/p>\n\t\t\t<\/div>\n\t\t<\/div>\n\t\t\t<div class=\"wpostahs-slider-nav-content\">\n\t\t\t<h2 class=\"wpostahs-centent-title\">1964<\/h2>\n\t\t\t<div class=\"wpostahs-centent\">\n\t\t\t\t<p>FABRICATION DU PREMIER \u00c9QUIPEMENT DE LABORATOIRE<\/p>\n<p>SETA a commenc\u00e9 \u00e0 produire des \u00e9quipements de d\u00e9min\u00e9ralisation par \u00e9change d&rsquo;ions, capables de g\u00e9n\u00e9rer de l&rsquo;eau distill\u00e9e, r\u00e9pondant ainsi aux principaux besoins des laboratoires et des cliniques.<\/p>\n\t\t\t<\/div>\n\t\t<\/div>\n\t\t\t<div class=\"wpostahs-slider-nav-content\">\n\t\t\t<h2 class=\"wpostahs-centent-title\">1970<\/h2>\n\t\t\t<div class=\"wpostahs-centent\">\n\t\t\t\t<p>SETA R\u00c9ALISE SES PREMI\u00c8RES EXPORTATIONS<\/p>\n<p>L&rsquo;entreprise a commenc\u00e9 \u00e0 fournir de petits dessalinisateurs portables \u00e0 des march\u00e9s internationaux tels que le Nigeria et le Mexique.<\/p>\n\t\t\t<\/div>\n\t\t<\/div>\n\t\t\t<div class=\"wpostahs-slider-nav-content\">\n\t\t\t<h2 class=\"wpostahs-centent-title\">1980<\/h2>\n\t\t\t<div class=\"wpostahs-centent\">\n\t\t\t\t<p>SETA EST SP\u00c9CIALIS\u00c9E DANS LE RECYCLAGE DE L&rsquo;EAU DANS L&rsquo;INDUSTRIE DU TRAITEMENT DE SURFACE.<\/p>\n<p>SETA a d\u00e9velopp\u00e9 des technologies avanc\u00e9es pour promouvoir la r\u00e9utilisation de l&rsquo;eau dans des industries tr\u00e8s polluantes, telles que le traitement de surface, non seulement en r\u00e9utilisant l&rsquo;eau mais aussi en r\u00e9cup\u00e9rant des m\u00e9taux \u00e0 haute valeur ajout\u00e9e.<\/p>\n\t\t\t<\/div>\n\t\t<\/div>\n\t\t\t<div class=\"wpostahs-slider-nav-content\">\n\t\t\t<h2 class=\"wpostahs-centent-title\">1991<\/h2>\n\t\t\t<div class=\"wpostahs-centent\">\n\t\t\t\t<h5 class=\"p1\">SETA REMPORTE LE PLUS GRAND PROJET DE PURIFICATION D&rsquo;EAU EN ARGENTINE<\/h5>\n<p>Attribution du plus grand projet de purification de l&rsquo;eau. Cette \u00e9tape a marqu\u00e9 un tournant dans la trajectoire de SETA, la positionnant comme leader dans le secteur. Le projet consistait en la fourniture de 180 stations d&rsquo;\u00e9puration capables de fournir de l&rsquo;eau potable \u00e0 50 000 habitants.<\/p>\n\t\t\t<\/div>\n\t\t<\/div>\n\t\t\t<div class=\"wpostahs-slider-nav-content\">\n\t\t\t<h2 class=\"wpostahs-centent-title\">1994<\/h2>\n\t\t\t<div class=\"wpostahs-centent\">\n\t\t\t\t<p>SETA REJOINT LE GROUPE SETA<\/p>\n<p>L&rsquo;entreprise a \u00e9largi son champ d&rsquo;action et fait partie d&rsquo;un groupe d&rsquo;entreprises orient\u00e9es vers les secteurs laitier et international, avec un accent particulier sur les services d&rsquo;assistance technique.<\/p>\n\t\t\t<\/div>\n\t\t<\/div>\n\t\t\t<div class=\"wpostahs-slider-nav-content\">\n\t\t\t<h2 class=\"wpostahs-centent-title\">1998<\/h2>\n\t\t\t<div class=\"wpostahs-centent\">\n\t\t\t\t<p>L&rsquo;OUVERTURE DE NOUVELLES INSTALLATIONS<\/p>\n<p>SETA a ouvert un centre de fabrication \u00e0 Madrid d&rsquo;une superficie de 4 000 m\u00b2, renfor\u00e7ant ainsi sa capacit\u00e9 de production.<\/p>\n\t\t\t<\/div>\n\t\t<\/div>\n\t\t\t<div class=\"wpostahs-slider-nav-content\">\n\t\t\t<h2 class=\"wpostahs-centent-title\">2001-2011<\/h2>\n\t\t\t<div class=\"wpostahs-centent\">\n\t\t\t\t<p>L&rsquo;EXPANSION INTERNATIONALE<\/p>\n<p>Au cours de cette p\u00e9riode, SETA a \u00e9tabli des succursales dans des pays tels que le Br\u00e9sil, le Mexique, le Nicaragua, le Honduras, l&rsquo;\u00c9gypte, le Sri Lanka et l&rsquo;Indon\u00e9sie. En outre, elle a re\u00e7u le prix de l&rsquo;internationalisation d\u00e9cern\u00e9 par le Club des exportateurs espagnols.<\/p>\n\t\t\t<\/div>\n\t\t<\/div>\n\t\t\t<div class=\"wpostahs-slider-nav-content\">\n\t\t\t<h2 class=\"wpostahs-centent-title\">2017<\/h2>\n\t\t\t<div class=\"wpostahs-centent\">\n\t\t\t\t<p>RECONNAISSANCE EN TANT QUE PME INNOVANTE<\/p>\n<p>La SETA a re\u00e7u ce label en reconnaissance de son engagement en faveur de l&rsquo;innovation et de son d\u00e9vouement constant aux activit\u00e9s de RDI.<\/p>\n\t\t\t<\/div>\n\t\t<\/div>\n\t\t\t<div class=\"wpostahs-slider-nav-content\">\n\t\t\t<h2 class=\"wpostahs-centent-title\">2020<\/h2>\n\t\t\t<div class=\"wpostahs-centent\">\n\t\t\t\t<p>CR\u00c9ATION DE SETA PHT<\/p>\n<p>En r\u00e9ponse \u00e0 la d\u00e9localisation de la production, SETA a fusionn\u00e9 avec PH TECHNOLOGY, adoptant le nouveau nom de SETA PHT.<\/p>\n<p>&nbsp;<\/p>\n\t\t\t<\/div>\n\t\t<\/div>\n\t\t\t<div class=\"wpostahs-slider-nav-content\">\n\t\t\t<h2 class=\"wpostahs-centent-title\">2021<\/h2>\n\t\t\t<div class=\"wpostahs-centent\">\n\t\t\t\t<h5 class=\"p1\">FONDATION DE LA SECTION CHILIENNE DE SETA<\/h5>\n<p>Une entreprise sp\u00e9cialis\u00e9e dans la mise en \u0153uvre de projets de purification de l&rsquo;eau \u00e0 l&rsquo;aide de stations de dessalement portables a \u00e9t\u00e9 cr\u00e9\u00e9e.<\/p>\n\t\t\t<\/div>\n\t\t<\/div>\n\t\t\t<div class=\"wpostahs-slider-nav-content\">\n\t\t\t<h2 class=\"wpostahs-centent-title\">2024<\/h2>\n\t\t\t<div class=\"wpostahs-centent\">\n\t\t\t\t<p>SETA REVALIDE SA CERTIFICATION DE QUALIT\u00c9 ET D&rsquo;ENVIRONNEMENT<\/p>\n<p>Dans le cadre de son engagement en faveur de l&rsquo;am\u00e9lioration continue, la SETA a renouvel\u00e9 les certifications de son syst\u00e8me de gestion conform\u00e9ment aux normes ISO 9001:2015 (gestion de la qualit\u00e9) et ISO 14001:2015 (gestion de l&rsquo;environnement).<\/p>\n\t\t\t<\/div>\n\t\t<\/div>\n\t<\/div><!-- #post-## -->\t\t\t<\/div>\r\n\t\t<\/div>\r\n\t\t\t\t\t\t\t\t\t\t<\/div>\n\t\t\t\t<\/div>\n\t\t\t\t\t<\/div>\n\t\t<\/div>\n\t\t\t\t\t<\/div>\n\t\t<\/section>\n\t\t\t\t<\/div>\n\t\t","protected":false},"excerpt":{"rendered":"<p>Une exp\u00e9rience de plus de 60 ans<\/p>\n","protected":false},"author":6,"featured_media":0,"parent":0,"menu_order":0,"comment_status":"closed","ping_status":"closed","template":"","meta":{"content-type":"","footnotes":""},"class_list":["post-3133","page","type-page","status-publish","hentry"],"yoast_head":"<!-- This site is optimized with the Yoast SEO plugin v25.8 - https:\/\/yoast.com\/wordpress\/plugins\/seo\/ -->\n<title>L&#039;histoire - SETAPHT Fr<\/title>\n<meta name=\"robots\" content=\"index, follow, max-snippet:-1, max-image-preview:large, max-video-preview:-1\" \/>\n<link rel=\"canonical\" href=\"https:\/\/www.setapht.com\/fr\/lhistoire\/\" \/>\n<meta property=\"og:locale\" content=\"fr_FR\" \/>\n<meta property=\"og:type\" content=\"article\" \/>\n<meta property=\"og:title\" content=\"L&#039;histoire - SETAPHT Fr\" \/>\n<meta property=\"og:description\" content=\"Une exp\u00e9rience de plus de 60 ans\" \/>\n<meta property=\"og:url\" content=\"https:\/\/www.setapht.com\/fr\/lhistoire\/\" \/>\n<meta property=\"og:site_name\" content=\"SETAPHT Fr\" \/>\n<meta property=\"article:modified_time\" content=\"2025-01-17T13:49:06+00:00\" \/>\n<meta name=\"twitter:card\" content=\"summary_large_image\" \/>\n<meta name=\"twitter:label1\" content=\"Dur\u00e9e de lecture estim\u00e9e\" \/>\n\t<meta name=\"twitter:data1\" content=\"1 minute\" \/>\n<script type=\"application\/ld+json\" class=\"yoast-schema-graph\">{\"@context\":\"https:\/\/schema.org\",\"@graph\":[{\"@type\":\"WebPage\",\"@id\":\"https:\/\/www.setapht.com\/fr\/lhistoire\/\",\"url\":\"https:\/\/www.setapht.com\/fr\/lhistoire\/\",\"name\":\"L'histoire - SETAPHT Fr\",\"isPartOf\":{\"@id\":\"https:\/\/www.setapht.com\/fr\/#website\"},\"datePublished\":\"2024-12-13T13:04:42+00:00\",\"dateModified\":\"2025-01-17T13:49:06+00:00\",\"breadcrumb\":{\"@id\":\"https:\/\/www.setapht.com\/fr\/lhistoire\/#breadcrumb\"},\"inLanguage\":\"fr-FR\",\"potentialAction\":[{\"@type\":\"ReadAction\",\"target\":[\"https:\/\/www.setapht.com\/fr\/lhistoire\/\"]}]},{\"@type\":\"BreadcrumbList\",\"@id\":\"https:\/\/www.setapht.com\/fr\/lhistoire\/#breadcrumb\",\"itemListElement\":[{\"@type\":\"ListItem\",\"position\":1,\"name\":\"SETA\u1d3e\u1d34\u1d40\",\"item\":\"https:\/\/www.setapht.com\/fr\/\"},{\"@type\":\"ListItem\",\"position\":2,\"name\":\"L&rsquo;histoire\"}]},{\"@type\":\"WebSite\",\"@id\":\"https:\/\/www.setapht.com\/fr\/#website\",\"url\":\"https:\/\/www.setapht.com\/fr\/\",\"name\":\"SETAPHT Fr\",\"description\":\"Soluciones integrales para el tratamiento del agua\",\"publisher\":{\"@id\":\"https:\/\/www.setapht.com\/fr\/#organization\"},\"potentialAction\":[{\"@type\":\"SearchAction\",\"target\":{\"@type\":\"EntryPoint\",\"urlTemplate\":\"https:\/\/www.setapht.com\/fr\/?s={search_term_string}\"},\"query-input\":{\"@type\":\"PropertyValueSpecification\",\"valueRequired\":true,\"valueName\":\"search_term_string\"}}],\"inLanguage\":\"fr-FR\"},{\"@type\":\"Organization\",\"@id\":\"https:\/\/www.setapht.com\/fr\/#organization\",\"name\":\"SETAPHT Fr\",\"url\":\"https:\/\/www.setapht.com\/fr\/\",\"logo\":{\"@type\":\"ImageObject\",\"inLanguage\":\"fr-FR\",\"@id\":\"https:\/\/www.setapht.com\/fr\/#\/schema\/logo\/image\/\",\"url\":\"https:\/\/www.setapht.com\/fr\/wp-content\/uploads\/sites\/4\/2021\/03\/Logotipo-web-600px.png\",\"contentUrl\":\"https:\/\/www.setapht.com\/fr\/wp-content\/uploads\/sites\/4\/2021\/03\/Logotipo-web-600px.png\",\"width\":600,\"height\":133,\"caption\":\"SETAPHT Fr\"},\"image\":{\"@id\":\"https:\/\/www.setapht.com\/fr\/#\/schema\/logo\/image\/\"}}]}<\/script>\n<!-- \/ Yoast SEO plugin. -->","yoast_head_json":{"title":"L'histoire - SETAPHT Fr","robots":{"index":"index","follow":"follow","max-snippet":"max-snippet:-1","max-image-preview":"max-image-preview:large","max-video-preview":"max-video-preview:-1"},"canonical":"https:\/\/www.setapht.com\/fr\/lhistoire\/","og_locale":"fr_FR","og_type":"article","og_title":"L'histoire - SETAPHT Fr","og_description":"Une exp\u00e9rience de plus de 60 ans","og_url":"https:\/\/www.setapht.com\/fr\/lhistoire\/","og_site_name":"SETAPHT Fr","article_modified_time":"2025-01-17T13:49:06+00:00","twitter_card":"summary_large_image","twitter_misc":{"Dur\u00e9e de lecture estim\u00e9e":"1 minute"},"schema":{"@context":"https:\/\/schema.org","@graph":[{"@type":"WebPage","@id":"https:\/\/www.setapht.com\/fr\/lhistoire\/","url":"https:\/\/www.setapht.com\/fr\/lhistoire\/","name":"L'histoire - SETAPHT Fr","isPartOf":{"@id":"https:\/\/www.setapht.com\/fr\/#website"},"datePublished":"2024-12-13T13:04:42+00:00","dateModified":"2025-01-17T13:49:06+00:00","breadcrumb":{"@id":"https:\/\/www.setapht.com\/fr\/lhistoire\/#breadcrumb"},"inLanguage":"fr-FR","potentialAction":[{"@type":"ReadAction","target":["https:\/\/www.setapht.com\/fr\/lhistoire\/"]}]},{"@type":"BreadcrumbList","@id":"https:\/\/www.setapht.com\/fr\/lhistoire\/#breadcrumb","itemListElement":[{"@type":"ListItem","position":1,"name":"SETA\u1d3e\u1d34\u1d40","item":"https:\/\/www.setapht.com\/fr\/"},{"@type":"ListItem","position":2,"name":"L&rsquo;histoire"}]},{"@type":"WebSite","@id":"https:\/\/www.setapht.com\/fr\/#website","url":"https:\/\/www.setapht.com\/fr\/","name":"SETAPHT Fr","description":"Soluciones integrales para el tratamiento del agua","publisher":{"@id":"https:\/\/www.setapht.com\/fr\/#organization"},"potentialAction":[{"@type":"SearchAction","target":{"@type":"EntryPoint","urlTemplate":"https:\/\/www.setapht.com\/fr\/?s={search_term_string}"},"query-input":{"@type":"PropertyValueSpecification","valueRequired":true,"valueName":"search_term_string"}}],"inLanguage":"fr-FR"},{"@type":"Organization","@id":"https:\/\/www.setapht.com\/fr\/#organization","name":"SETAPHT Fr","url":"https:\/\/www.setapht.com\/fr\/","logo":{"@type":"ImageObject","inLanguage":"fr-FR","@id":"https:\/\/www.setapht.com\/fr\/#\/schema\/logo\/image\/","url":"https:\/\/www.setapht.com\/fr\/wp-content\/uploads\/sites\/4\/2021\/03\/Logotipo-web-600px.png","contentUrl":"https:\/\/www.setapht.com\/fr\/wp-content\/uploads\/sites\/4\/2021\/03\/Logotipo-web-600px.png","width":600,"height":133,"caption":"SETAPHT Fr"},"image":{"@id":"https:\/\/www.setapht.com\/fr\/#\/schema\/logo\/image\/"}}]}},"_links":{"self":[{"href":"https:\/\/www.setapht.com\/fr\/wp-json\/wp\/v2\/pages\/3133","targetHints":{"allow":["GET"]}}],"collection":[{"href":"https:\/\/www.setapht.com\/fr\/wp-json\/wp\/v2\/pages"}],"about":[{"href":"https:\/\/www.setapht.com\/fr\/wp-json\/wp\/v2\/types\/page"}],"author":[{"embeddable":true,"href":"https:\/\/www.setapht.com\/fr\/wp-json\/wp\/v2\/users\/6"}],"replies":[{"embeddable":true,"href":"https:\/\/www.setapht.com\/fr\/wp-json\/wp\/v2\/comments?post=3133"}],"version-history":[{"count":7,"href":"https:\/\/www.setapht.com\/fr\/wp-json\/wp\/v2\/pages\/3133\/revisions"}],"predecessor-version":[{"id":3205,"href":"https:\/\/www.setapht.com\/fr\/wp-json\/wp\/v2\/pages\/3133\/revisions\/3205"}],"wp:attachment":[{"href":"https:\/\/www.setapht.com\/fr\/wp-json\/wp\/v2\/media?parent=3133"}],"curies":[{"name":"wp","href":"https:\/\/api.w.org\/{rel}","templated":true}]}}