{"id":3244,"date":"2025-01-20T10:57:33","date_gmt":"2025-01-20T10:57:33","guid":{"rendered":"https:\/\/www.setapht.com\/fr\/?page_id=3244"},"modified":"2025-01-20T11:03:47","modified_gmt":"2025-01-20T11:03:47","slug":"politique-de-qualite-et-denvironnement","status":"publish","type":"page","link":"https:\/\/www.setapht.com\/fr\/politique-de-qualite-et-denvironnement\/","title":{"rendered":"Politique de qualit\u00e9 et d&rsquo;environnement"},"content":{"rendered":"\t\t<div data-elementor-type=\"wp-page\" data-elementor-id=\"3244\" class=\"elementor elementor-3244\" data-elementor-post-type=\"page\">\n\t\t\t\t\t\t<section class=\"elementor-section elementor-top-section elementor-element elementor-element-b7613ed elementor-section-boxed elementor-section-height-default elementor-section-height-default\" data-id=\"b7613ed\" data-element_type=\"section\" data-e-type=\"section\">\n\t\t\t\t\t\t<div class=\"elementor-container elementor-column-gap-default\">\n\t\t\t\t\t<div class=\"elementor-column elementor-col-100 elementor-top-column elementor-element elementor-element-fcd0212\" data-id=\"fcd0212\" data-element_type=\"column\" data-e-type=\"column\">\n\t\t\t<div class=\"elementor-widget-wrap elementor-element-populated\">\n\t\t\t\t\t\t<div class=\"elementor-element elementor-element-d780513 elementor-widget elementor-widget-text-editor\" data-id=\"d780513\" data-element_type=\"widget\" data-e-type=\"widget\" data-widget_type=\"text-editor.default\">\n\t\t\t\t<div class=\"elementor-widget-container\">\n\t\t\t\t\t\t\t\t\t\n<p>T\u00edtulo: <strong>Documento de pol\u00edtica de calidad y ambiental<\/strong><br>C\u00f3digo:<strong> GPHT-PC<\/strong><br>Revisi\u00f3n:<strong> 00<\/strong><br>Fecha: <strong>24\/07\/24<\/strong><\/p>\n\n\n\n<p><strong><mark style=\"background-color:rgba(0, 0, 0, 0)\" class=\"has-inline-color has-vivid-cyan-blue-color\">SETA<sup>PHT<\/sup><\/mark><\/strong><sup> <\/sup>como empresa integrante del GRUPO PHT ha desarrollado e implantado un Sistema Integrado de Gesti\u00f3n de la Calidad y Ambiental (SIG) que identifica y define las responsabilidades, procedimientos y recursos para garantizar que el resultado de sus procesos produzca la m\u00e1xima satisfacci\u00f3n de las necesidades impl\u00edcitas y expl\u00edcitas de nuestros Clientes y la prevenci\u00f3n de la contaminaci\u00f3n del medio ambiente.<\/p>\n\n\n\n<p>Dicho SIG se extiende al dise\u00f1o, fabricaci\u00f3n montaje y puesta en marcha de equipos y sistemas en materiales pl\u00e1sticos, plantas para el tratamiento de fluidos y soluciones integradas en el \u00e1rea de la energ\u00eda, industria y medioambiente.<\/p>\n\n\n\n<p>Por Cliente debe entenderse a todos los usuarios o receptores de nuestros productos y servicios. Es nuestro deber intentar siempre entregarles un trabajo bien hecho.<\/p>\n\n\n\n<p>Las directrices b\u00e1sicas de la Pol\u00edtica de Calidad y Ambiental que deben presidir siempre nuestra actuaci\u00f3n, se resumen en los principios que se enuncian a continuaci\u00f3n:<\/p>\n\n\n\n<p><mark style=\"background-color:rgba(0, 0, 0, 0)\" class=\"has-inline-color has-vivid-cyan-blue-color\">\u2714\ufe0f<\/mark> Los <mark style=\"background-color:rgba(0, 0, 0, 0)\" class=\"has-inline-color has-vivid-cyan-blue-color\">objetivos principales<\/mark> de GRUPO PHT son conseguir la satisfacci\u00f3n de los requisitos del Cliente, la mejora continua y la protecci\u00f3n del medio ambiente, incluyendo la prevenci\u00f3n de la contaminaci\u00f3n.<\/p>\n\n\n\n<p>\u2714\ufe0f Para ello, deber\u00e1 prevalecer siempre la <mark style=\"background-color:rgba(0, 0, 0, 0)\" class=\"has-inline-color has-vivid-cyan-blue-color\">prevenci\u00f3n de los errores<\/mark> sobre la correcci\u00f3n.<\/p>\n\n\n\n<p>\u2714\ufe0f Es deber de cada uno de nosotros intentar realizar correctamente nuestro trabajo <mark style=\"background-color:rgba(0, 0, 0, 0)\" class=\"has-inline-color has-vivid-cyan-blue-color\">a la primera<\/mark>, con el objeto de alcanzar los requisitos de calidad al <mark style=\"background-color:rgba(0, 0, 0, 0)\" class=\"has-inline-color has-vivid-cyan-blue-color\">m\u00ednimo coste<\/mark>.<\/p>\n\n\n\n<p>\u2714\ufe0f El <mark style=\"background-color:rgba(0, 0, 0, 0)\" class=\"has-inline-color has-vivid-cyan-blue-color\">trabajo en equipo<\/mark> y la <mark style=\"background-color:rgba(0, 0, 0, 0)\" class=\"has-inline-color has-vivid-cyan-blue-color\">comunicaci\u00f3n<\/mark> son imprescindibles para conseguir los niveles m\u00e1ximos de calidad y la protecci\u00f3n del medio ambiente que todos perseguimos.<\/p>\n\n\n\n<p>\u2714\ufe0f El sistema integrado de gesti\u00f3n de la calidad y ambiental depende de cada uno de nosotros. <mark style=\"background-color:rgba(0, 0, 0, 0)\" class=\"has-inline-color has-vivid-cyan-blue-color\">Todos<\/mark> somos part\u00edcipes de la calidad final de nuestros productos y servicios.<\/p>\n\n\n\n<p>\u2714\ufe0f Con este objeto, el personal de GRUPO PHT recibe la <mark style=\"background-color:rgba(0, 0, 0, 0)\" class=\"has-inline-color has-vivid-cyan-blue-color\">formaci\u00f3n<\/mark> adecuada que le permite desarrollar su actividad dentro del marco del sistema integrado de gesti\u00f3n.<\/p>\n\n\n\n<p>\u2714\ufe0f Los procesos de dise\u00f1o, fabricaci\u00f3n y validaci\u00f3n de nuestros productos se realizan conforme a la <mark style=\"background-color:rgba(0, 0, 0, 0)\" class=\"has-inline-color has-vivid-cyan-blue-color\">normativa vigente<\/mark> as\u00ed como a los <mark style=\"background-color:rgba(0, 0, 0, 0)\" class=\"has-inline-color has-vivid-cyan-blue-color\">c\u00f3digos y normas<\/mark> de referencia en el \u00e1mbito correspondiente. As\u00ed mismo, actuamos cumpliendo todas las reglamentaciones ambientales locales, regionales, estatales e internacionales que resulten de aplicaci\u00f3n, as\u00ed como otros requerimientos suscritos por la organizaci\u00f3n.<\/p>\n\n\n\n<p>La gesti\u00f3n de la calidad es un <mark style=\"background-color:rgba(0, 0, 0, 0)\" class=\"has-inline-color has-vivid-cyan-blue-color\">proceso continuo<\/mark>. El \u00e9xito en la consecuci\u00f3n de los objetivos de calidad y ambientales se basa en la aplicaci\u00f3n en nuestro <mark style=\"background-color:rgba(0, 0, 0, 0)\" class=\"has-inline-color has-vivid-cyan-blue-color\">d\u00eda a d\u00eda<\/mark> laboral de los principios arriba descritos.<\/p>\n\n\n\n<p class=\"has-text-align-right\">M. Carmen Garc\u00eda Panadero<br><strong>Directora General SETA<sup>PHT<\/sup><\/strong><\/p>\n\n\n\n<figure class=\"wp-block-image size-full is-resized\"><img decoding=\"async\" src=\"https:\/\/www.setapht.com\/wp-content\/uploads\/2024\/10\/implementacion-norma-iso-9001-y-14001-00-1024x706-1.png\" alt=\"\" class=\"wp-image-3718\" style=\"width:268px;height:auto\"\/><\/figure>\n\n\n\n<p class=\"has-text-align-right\"><strong> <\/strong> <\/p>\n\t\t\t\t\t\t\t\t<\/div>\n\t\t\t\t<\/div>\n\t\t\t\t\t<\/div>\n\t\t<\/div>\n\t\t\t\t\t<\/div>\n\t\t<\/section>\n\t\t\t\t<\/div>\n\t\t","protected":false},"excerpt":{"rendered":"<p>T\u00edtulo: Documento de pol\u00edtica de calidad y ambientalC\u00f3digo: GPHT-PCRevisi\u00f3n: 00Fecha: 24\/07\/24 SETAPHT como empresa integrante del GRUPO PHT ha desarrollado e implantado un Sistema Integrado de Gesti\u00f3n de la Calidad y Ambiental (SIG) que identifica y define las responsabilidades, procedimientos y recursos para garantizar que el resultado de sus procesos produzca la m\u00e1xima satisfacci\u00f3n de [&hellip;]<\/p>\n","protected":false},"author":6,"featured_media":0,"parent":0,"menu_order":0,"comment_status":"closed","ping_status":"closed","template":"","meta":{"content-type":"","footnotes":""},"class_list":["post-3244","page","type-page","status-publish","hentry"],"yoast_head":"<!-- This site is optimized with the Yoast SEO plugin v25.8 - https:\/\/yoast.com\/wordpress\/plugins\/seo\/ -->\n<title>Politique de qualit\u00e9 et d&#039;environnement - SETAPHT Fr<\/title>\n<meta name=\"robots\" content=\"index, follow, max-snippet:-1, max-image-preview:large, max-video-preview:-1\" \/>\n<link rel=\"canonical\" href=\"https:\/\/www.setapht.com\/fr\/politique-de-qualite-et-denvironnement\/\" \/>\n<meta property=\"og:locale\" content=\"fr_FR\" \/>\n<meta property=\"og:type\" content=\"article\" \/>\n<meta property=\"og:title\" content=\"Politique de qualit\u00e9 et d&#039;environnement - SETAPHT Fr\" \/>\n<meta property=\"og:description\" content=\"T\u00edtulo: Documento de pol\u00edtica de calidad y ambientalC\u00f3digo: GPHT-PCRevisi\u00f3n: 00Fecha: 24\/07\/24 SETAPHT como empresa integrante del GRUPO PHT ha desarrollado e implantado un Sistema Integrado de Gesti\u00f3n de la Calidad y Ambiental (SIG) que identifica y define las responsabilidades, procedimientos y recursos para garantizar que el resultado de sus procesos produzca la m\u00e1xima satisfacci\u00f3n de [&hellip;]\" \/>\n<meta property=\"og:url\" content=\"https:\/\/www.setapht.com\/fr\/politique-de-qualite-et-denvironnement\/\" \/>\n<meta property=\"og:site_name\" content=\"SETAPHT Fr\" \/>\n<meta property=\"article:modified_time\" content=\"2025-01-20T11:03:47+00:00\" \/>\n<meta name=\"twitter:card\" content=\"summary_large_image\" \/>\n<meta name=\"twitter:label1\" content=\"Dur\u00e9e de lecture estim\u00e9e\" \/>\n\t<meta name=\"twitter:data1\" content=\"4 minutes\" \/>\n<script type=\"application\/ld+json\" class=\"yoast-schema-graph\">{\"@context\":\"https:\/\/schema.org\",\"@graph\":[{\"@type\":\"WebPage\",\"@id\":\"https:\/\/www.setapht.com\/fr\/politique-de-qualite-et-denvironnement\/\",\"url\":\"https:\/\/www.setapht.com\/fr\/politique-de-qualite-et-denvironnement\/\",\"name\":\"Politique de qualit\u00e9 et d'environnement - SETAPHT Fr\",\"isPartOf\":{\"@id\":\"https:\/\/www.setapht.com\/fr\/#website\"},\"primaryImageOfPage\":{\"@id\":\"https:\/\/www.setapht.com\/fr\/politique-de-qualite-et-denvironnement\/#primaryimage\"},\"image\":{\"@id\":\"https:\/\/www.setapht.com\/fr\/politique-de-qualite-et-denvironnement\/#primaryimage\"},\"thumbnailUrl\":\"https:\/\/www.setapht.com\/wp-content\/uploads\/2024\/10\/implementacion-norma-iso-9001-y-14001-00-1024x706-1.png\",\"datePublished\":\"2025-01-20T10:57:33+00:00\",\"dateModified\":\"2025-01-20T11:03:47+00:00\",\"breadcrumb\":{\"@id\":\"https:\/\/www.setapht.com\/fr\/politique-de-qualite-et-denvironnement\/#breadcrumb\"},\"inLanguage\":\"fr-FR\",\"potentialAction\":[{\"@type\":\"ReadAction\",\"target\":[\"https:\/\/www.setapht.com\/fr\/politique-de-qualite-et-denvironnement\/\"]}]},{\"@type\":\"ImageObject\",\"inLanguage\":\"fr-FR\",\"@id\":\"https:\/\/www.setapht.com\/fr\/politique-de-qualite-et-denvironnement\/#primaryimage\",\"url\":\"https:\/\/www.setapht.com\/wp-content\/uploads\/2024\/10\/implementacion-norma-iso-9001-y-14001-00-1024x706-1.png\",\"contentUrl\":\"https:\/\/www.setapht.com\/wp-content\/uploads\/2024\/10\/implementacion-norma-iso-9001-y-14001-00-1024x706-1.png\"},{\"@type\":\"BreadcrumbList\",\"@id\":\"https:\/\/www.setapht.com\/fr\/politique-de-qualite-et-denvironnement\/#breadcrumb\",\"itemListElement\":[{\"@type\":\"ListItem\",\"position\":1,\"name\":\"SETA\u1d3e\u1d34\u1d40\",\"item\":\"https:\/\/www.setapht.com\/fr\/\"},{\"@type\":\"ListItem\",\"position\":2,\"name\":\"Politique de qualit\u00e9 et d&rsquo;environnement\"}]},{\"@type\":\"WebSite\",\"@id\":\"https:\/\/www.setapht.com\/fr\/#website\",\"url\":\"https:\/\/www.setapht.com\/fr\/\",\"name\":\"SETAPHT Fr\",\"description\":\"Soluciones integrales para el tratamiento del agua\",\"publisher\":{\"@id\":\"https:\/\/www.setapht.com\/fr\/#organization\"},\"potentialAction\":[{\"@type\":\"SearchAction\",\"target\":{\"@type\":\"EntryPoint\",\"urlTemplate\":\"https:\/\/www.setapht.com\/fr\/?s={search_term_string}\"},\"query-input\":{\"@type\":\"PropertyValueSpecification\",\"valueRequired\":true,\"valueName\":\"search_term_string\"}}],\"inLanguage\":\"fr-FR\"},{\"@type\":\"Organization\",\"@id\":\"https:\/\/www.setapht.com\/fr\/#organization\",\"name\":\"SETAPHT Fr\",\"url\":\"https:\/\/www.setapht.com\/fr\/\",\"logo\":{\"@type\":\"ImageObject\",\"inLanguage\":\"fr-FR\",\"@id\":\"https:\/\/www.setapht.com\/fr\/#\/schema\/logo\/image\/\",\"url\":\"https:\/\/www.setapht.com\/fr\/wp-content\/uploads\/sites\/4\/2021\/03\/Logotipo-web-600px.png\",\"contentUrl\":\"https:\/\/www.setapht.com\/fr\/wp-content\/uploads\/sites\/4\/2021\/03\/Logotipo-web-600px.png\",\"width\":600,\"height\":133,\"caption\":\"SETAPHT Fr\"},\"image\":{\"@id\":\"https:\/\/www.setapht.com\/fr\/#\/schema\/logo\/image\/\"}}]}<\/script>\n<!-- \/ Yoast SEO plugin. -->","yoast_head_json":{"title":"Politique de qualit\u00e9 et d'environnement - SETAPHT Fr","robots":{"index":"index","follow":"follow","max-snippet":"max-snippet:-1","max-image-preview":"max-image-preview:large","max-video-preview":"max-video-preview:-1"},"canonical":"https:\/\/www.setapht.com\/fr\/politique-de-qualite-et-denvironnement\/","og_locale":"fr_FR","og_type":"article","og_title":"Politique de qualit\u00e9 et d'environnement - SETAPHT Fr","og_description":"T\u00edtulo: Documento de pol\u00edtica de calidad y ambientalC\u00f3digo: GPHT-PCRevisi\u00f3n: 00Fecha: 24\/07\/24 SETAPHT como empresa integrante del GRUPO PHT ha desarrollado e implantado un Sistema Integrado de Gesti\u00f3n de la Calidad y Ambiental (SIG) que identifica y define las responsabilidades, procedimientos y recursos para garantizar que el resultado de sus procesos produzca la m\u00e1xima satisfacci\u00f3n de [&hellip;]","og_url":"https:\/\/www.setapht.com\/fr\/politique-de-qualite-et-denvironnement\/","og_site_name":"SETAPHT Fr","article_modified_time":"2025-01-20T11:03:47+00:00","twitter_card":"summary_large_image","twitter_misc":{"Dur\u00e9e de lecture estim\u00e9e":"4 minutes"},"schema":{"@context":"https:\/\/schema.org","@graph":[{"@type":"WebPage","@id":"https:\/\/www.setapht.com\/fr\/politique-de-qualite-et-denvironnement\/","url":"https:\/\/www.setapht.com\/fr\/politique-de-qualite-et-denvironnement\/","name":"Politique de qualit\u00e9 et d'environnement - SETAPHT Fr","isPartOf":{"@id":"https:\/\/www.setapht.com\/fr\/#website"},"primaryImageOfPage":{"@id":"https:\/\/www.setapht.com\/fr\/politique-de-qualite-et-denvironnement\/#primaryimage"},"image":{"@id":"https:\/\/www.setapht.com\/fr\/politique-de-qualite-et-denvironnement\/#primaryimage"},"thumbnailUrl":"https:\/\/www.setapht.com\/wp-content\/uploads\/2024\/10\/implementacion-norma-iso-9001-y-14001-00-1024x706-1.png","datePublished":"2025-01-20T10:57:33+00:00","dateModified":"2025-01-20T11:03:47+00:00","breadcrumb":{"@id":"https:\/\/www.setapht.com\/fr\/politique-de-qualite-et-denvironnement\/#breadcrumb"},"inLanguage":"fr-FR","potentialAction":[{"@type":"ReadAction","target":["https:\/\/www.setapht.com\/fr\/politique-de-qualite-et-denvironnement\/"]}]},{"@type":"ImageObject","inLanguage":"fr-FR","@id":"https:\/\/www.setapht.com\/fr\/politique-de-qualite-et-denvironnement\/#primaryimage","url":"https:\/\/www.setapht.com\/wp-content\/uploads\/2024\/10\/implementacion-norma-iso-9001-y-14001-00-1024x706-1.png","contentUrl":"https:\/\/www.setapht.com\/wp-content\/uploads\/2024\/10\/implementacion-norma-iso-9001-y-14001-00-1024x706-1.png"},{"@type":"BreadcrumbList","@id":"https:\/\/www.setapht.com\/fr\/politique-de-qualite-et-denvironnement\/#breadcrumb","itemListElement":[{"@type":"ListItem","position":1,"name":"SETA\u1d3e\u1d34\u1d40","item":"https:\/\/www.setapht.com\/fr\/"},{"@type":"ListItem","position":2,"name":"Politique de qualit\u00e9 et d&rsquo;environnement"}]},{"@type":"WebSite","@id":"https:\/\/www.setapht.com\/fr\/#website","url":"https:\/\/www.setapht.com\/fr\/","name":"SETAPHT Fr","description":"Soluciones integrales para el tratamiento del agua","publisher":{"@id":"https:\/\/www.setapht.com\/fr\/#organization"},"potentialAction":[{"@type":"SearchAction","target":{"@type":"EntryPoint","urlTemplate":"https:\/\/www.setapht.com\/fr\/?s={search_term_string}"},"query-input":{"@type":"PropertyValueSpecification","valueRequired":true,"valueName":"search_term_string"}}],"inLanguage":"fr-FR"},{"@type":"Organization","@id":"https:\/\/www.setapht.com\/fr\/#organization","name":"SETAPHT Fr","url":"https:\/\/www.setapht.com\/fr\/","logo":{"@type":"ImageObject","inLanguage":"fr-FR","@id":"https:\/\/www.setapht.com\/fr\/#\/schema\/logo\/image\/","url":"https:\/\/www.setapht.com\/fr\/wp-content\/uploads\/sites\/4\/2021\/03\/Logotipo-web-600px.png","contentUrl":"https:\/\/www.setapht.com\/fr\/wp-content\/uploads\/sites\/4\/2021\/03\/Logotipo-web-600px.png","width":600,"height":133,"caption":"SETAPHT Fr"},"image":{"@id":"https:\/\/www.setapht.com\/fr\/#\/schema\/logo\/image\/"}}]}},"_links":{"self":[{"href":"https:\/\/www.setapht.com\/fr\/wp-json\/wp\/v2\/pages\/3244","targetHints":{"allow":["GET"]}}],"collection":[{"href":"https:\/\/www.setapht.com\/fr\/wp-json\/wp\/v2\/pages"}],"about":[{"href":"https:\/\/www.setapht.com\/fr\/wp-json\/wp\/v2\/types\/page"}],"author":[{"embeddable":true,"href":"https:\/\/www.setapht.com\/fr\/wp-json\/wp\/v2\/users\/6"}],"replies":[{"embeddable":true,"href":"https:\/\/www.setapht.com\/fr\/wp-json\/wp\/v2\/comments?post=3244"}],"version-history":[{"count":7,"href":"https:\/\/www.setapht.com\/fr\/wp-json\/wp\/v2\/pages\/3244\/revisions"}],"predecessor-version":[{"id":3252,"href":"https:\/\/www.setapht.com\/fr\/wp-json\/wp\/v2\/pages\/3244\/revisions\/3252"}],"wp:attachment":[{"href":"https:\/\/www.setapht.com\/fr\/wp-json\/wp\/v2\/media?parent=3244"}],"curies":[{"name":"wp","href":"https:\/\/api.w.org\/{rel}","templated":true}]}}