{"id":634,"date":"2021-03-23T13:38:11","date_gmt":"2021-03-23T12:38:11","guid":{"rendered":"https:\/\/www.setapht.com\/?page_id=634"},"modified":"2022-10-26T15:49:31","modified_gmt":"2022-10-26T15:49:31","slug":"catalogue-setapht","status":"publish","type":"page","link":"https:\/\/www.setapht.com\/fr\/catalogue-setapht\/","title":{"rendered":"T\u00e9l\u00e9charger le catalogue SETA\u1d3e\u1d34\u1d40"},"content":{"rendered":"\t\t<div data-elementor-type=\"wp-page\" data-elementor-id=\"634\" class=\"elementor elementor-634\" data-elementor-post-type=\"page\">\n\t\t\t\t\t\t<section class=\"elementor-section elementor-top-section elementor-element elementor-element-4586dfb3 elementor-section-height-min-height elementor-section-boxed elementor-section-height-default elementor-section-items-middle\" data-id=\"4586dfb3\" data-element_type=\"section\" data-e-type=\"section\" data-settings=\"{&quot;background_background&quot;:&quot;slideshow&quot;,&quot;background_slideshow_gallery&quot;:[{&quot;id&quot;:619,&quot;url&quot;:&quot;https:\\\/\\\/www.setapht.com\\\/wp-content\\\/uploads\\\/2021\\\/03\\\/potabilizadora.jpg&quot;}],&quot;background_slideshow_loop&quot;:&quot;yes&quot;,&quot;background_slideshow_slide_duration&quot;:5000,&quot;background_slideshow_slide_transition&quot;:&quot;fade&quot;,&quot;background_slideshow_transition_duration&quot;:500}\">\n\t\t\t\t\t\t\t<div class=\"elementor-background-overlay\"><\/div>\n\t\t\t\t\t\t\t<div class=\"elementor-container elementor-column-gap-default\">\n\t\t\t\t\t<div class=\"elementor-column elementor-col-100 elementor-top-column elementor-element elementor-element-6e43979f\" data-id=\"6e43979f\" data-element_type=\"column\" data-e-type=\"column\">\n\t\t\t<div class=\"elementor-widget-wrap elementor-element-populated\">\n\t\t\t\t\t\t<div class=\"elementor-element elementor-element-2ad2494e elementor-widget__width-auto elementor-widget elementor-widget-heading\" data-id=\"2ad2494e\" data-element_type=\"widget\" data-e-type=\"widget\" data-widget_type=\"heading.default\">\n\t\t\t\t<div class=\"elementor-widget-container\">\n\t\t\t\t\t<h1 class=\"elementor-heading-title elementor-size-default\">T\u00e9l\u00e9charger le catalogue SETA\u1d3e\u1d34\u1d40<\/h1>\t\t\t\t<\/div>\n\t\t\t\t<\/div>\n\t\t\t\t<div class=\"elementor-element elementor-element-2fcc4088 elementor-widget elementor-widget-spacer\" data-id=\"2fcc4088\" data-element_type=\"widget\" data-e-type=\"widget\" data-widget_type=\"spacer.default\">\n\t\t\t\t<div class=\"elementor-widget-container\">\n\t\t\t\t\t\t\t<div class=\"elementor-spacer\">\n\t\t\t<div class=\"elementor-spacer-inner\"><\/div>\n\t\t<\/div>\n\t\t\t\t\t\t<\/div>\n\t\t\t\t<\/div>\n\t\t\t\t<div class=\"elementor-element elementor-element-6f6ebf8 elementor-widget__width-auto elementor-widget elementor-widget-heading\" data-id=\"6f6ebf8\" data-element_type=\"widget\" data-e-type=\"widget\" data-widget_type=\"heading.default\">\n\t\t\t\t<div class=\"elementor-widget-container\">\n\t\t\t\t\t<p class=\"elementor-heading-title elementor-size-default\">Produits et exp\u00e9riences<\/p>\t\t\t\t<\/div>\n\t\t\t\t<\/div>\n\t\t\t\t\t<\/div>\n\t\t<\/div>\n\t\t\t\t\t<\/div>\n\t\t<\/section>\n\t\t\t\t<section class=\"elementor-section elementor-top-section elementor-element elementor-element-787de375 elementor-section-boxed elementor-section-height-default elementor-section-height-default\" data-id=\"787de375\" data-element_type=\"section\" data-e-type=\"section\">\n\t\t\t\t\t\t<div class=\"elementor-container elementor-column-gap-default\">\n\t\t\t\t\t<div class=\"elementor-column elementor-col-50 elementor-top-column elementor-element elementor-element-39f13cfd\" data-id=\"39f13cfd\" data-element_type=\"column\" data-e-type=\"column\">\n\t\t\t<div class=\"elementor-widget-wrap elementor-element-populated\">\n\t\t\t\t\t\t<div class=\"elementor-element elementor-element-33ecdd4 elementor-widget elementor-widget-text-editor\" data-id=\"33ecdd4\" data-element_type=\"widget\" data-e-type=\"widget\" data-widget_type=\"text-editor.default\">\n\t\t\t\t<div class=\"elementor-widget-container\">\n\t\t\t\t\t\t\t\t\tSETA\u1d3e\u1d34\u1d40 est la soci\u00e9t\u00e9 r\u00e9sultant de l\u2019union de deux entreprises ayant d\u2019importantes r\u00e9f\u00e9rences dans le secteur du traitement de l\u2019eau : Sociedad Espa\u00f1ola de Tratamiento de Agua S.L. et PH Technology S.L.\n\nT\u00e9l\u00e9chargez notre dossier pour en savoir plus sur nous:\n<ul>\n \t<li>L\u2019entreprise.<\/li>\n \t<li>Produits et services.<\/li>\n \t<li>Technologies sp\u00e9cifiques pour les stations de traitement des eaux de process.<\/li>\n \t<li>Solutions pour l\u2019eau potable.<\/li>\n \t<li>Installations mobiles de traitement des eaux.<\/li>\n \t<li>Stations de traitement d\u2019eau modulaires et compactes.<\/li>\n \t<li>Les plantes dans les infrastructures municipales.<\/li>\n \t<li>Projets cl\u00e9s en main.<\/li>\n \t<li>Exp\u00e9riences.<\/li>\n<\/ul>\t\t\t\t\t\t\t\t<\/div>\n\t\t\t\t<\/div>\n\t\t\t\t<div class=\"elementor-element elementor-element-aa59a79 elementor-widget elementor-widget-image\" data-id=\"aa59a79\" data-element_type=\"widget\" data-e-type=\"widget\" data-widget_type=\"image.default\">\n\t\t\t\t<div class=\"elementor-widget-container\">\n\t\t\t\t\t\t\t\t\t\t\t\t\t\t\t<img fetchpriority=\"high\" decoding=\"async\" width=\"300\" height=\"244\" src=\"https:\/\/www.setapht.com\/fr\/wp-content\/uploads\/sites\/4\/2022\/10\/Mockup-dossier-seta-Frances-300x244.jpg\" class=\"attachment-medium size-medium wp-image-2951\" alt=\"\" srcset=\"https:\/\/www.setapht.com\/fr\/wp-content\/uploads\/sites\/4\/2022\/10\/Mockup-dossier-seta-Frances-300x244.jpg 300w, https:\/\/www.setapht.com\/fr\/wp-content\/uploads\/sites\/4\/2022\/10\/Mockup-dossier-seta-Frances.jpg 500w\" sizes=\"(max-width: 300px) 100vw, 300px\" \/>\t\t\t\t\t\t\t\t\t\t\t\t\t\t\t<\/div>\n\t\t\t\t<\/div>\n\t\t\t\t\t<\/div>\n\t\t<\/div>\n\t\t\t\t<div class=\"elementor-column elementor-col-50 elementor-top-column elementor-element elementor-element-24fcef0e\" data-id=\"24fcef0e\" data-element_type=\"column\" data-e-type=\"column\" data-settings=\"{&quot;background_background&quot;:&quot;classic&quot;}\">\n\t\t\t<div class=\"elementor-widget-wrap\">\n\t\t\t\t\t\t\t<\/div>\n\t\t<\/div>\n\t\t\t\t\t<\/div>\n\t\t<\/section>\n\t\t\t\t<\/div>\n\t\t","protected":false},"excerpt":{"rendered":"<p>Produits et exp\u00e9riences SETA\u1d3e\u1d34\u1d40 est la soci\u00e9t\u00e9 r\u00e9sultant de l\u2019union de deux entreprises ayant d\u2019importantes r\u00e9f\u00e9rences dans le secteur du traitement de l\u2019eau : Sociedad Espa\u00f1ola de Tratamiento de Agua S.L. et PH Technology S.L. T\u00e9l\u00e9chargez notre dossier pour en savoir plus sur nous: L\u2019entreprise. Produits et services. Technologies sp\u00e9cifiques pour les stations de traitement [&hellip;]<\/p>\n","protected":false},"author":1,"featured_media":621,"parent":0,"menu_order":0,"comment_status":"closed","ping_status":"closed","template":"","meta":{"content-type":"","footnotes":""},"class_list":["post-634","page","type-page","status-publish","has-post-thumbnail","hentry"],"yoast_head":"<!-- This site is optimized with the Yoast SEO plugin v25.8 - https:\/\/yoast.com\/wordpress\/plugins\/seo\/ -->\n<title>T\u00e9l\u00e9charger le catalogue SETA\u1d3e\u1d34\u1d40 - SETAPHT Fr<\/title>\n<meta name=\"robots\" content=\"index, follow, max-snippet:-1, max-image-preview:large, max-video-preview:-1\" \/>\n<link rel=\"canonical\" href=\"https:\/\/www.setapht.com\/fr\/catalogue-setapht\/\" \/>\n<meta property=\"og:locale\" content=\"fr_FR\" \/>\n<meta property=\"og:type\" content=\"article\" \/>\n<meta property=\"og:title\" content=\"T\u00e9l\u00e9charger le catalogue SETA\u1d3e\u1d34\u1d40 - SETAPHT Fr\" \/>\n<meta property=\"og:description\" content=\"Produits et exp\u00e9riences SETA\u1d3e\u1d34\u1d40 est la soci\u00e9t\u00e9 r\u00e9sultant de l\u2019union de deux entreprises ayant d\u2019importantes r\u00e9f\u00e9rences dans le secteur du traitement de l\u2019eau : Sociedad Espa\u00f1ola de Tratamiento de Agua S.L. et PH Technology S.L. T\u00e9l\u00e9chargez notre dossier pour en savoir plus sur nous: L\u2019entreprise. Produits et services. Technologies sp\u00e9cifiques pour les stations de traitement [&hellip;]\" \/>\n<meta property=\"og:url\" content=\"https:\/\/www.setapht.com\/fr\/catalogue-setapht\/\" \/>\n<meta property=\"og:site_name\" content=\"SETAPHT Fr\" \/>\n<meta property=\"article:modified_time\" content=\"2022-10-26T15:49:31+00:00\" \/>\n<meta property=\"og:image\" content=\"https:\/\/www.setapht.com\/fr\/wp-content\/uploads\/sites\/4\/2021\/03\/facebook-1.png\" \/>\n\t<meta property=\"og:image:width\" content=\"1200\" \/>\n\t<meta property=\"og:image:height\" content=\"630\" \/>\n\t<meta property=\"og:image:type\" content=\"image\/png\" \/>\n<meta name=\"twitter:card\" content=\"summary_large_image\" \/>\n<meta name=\"twitter:label1\" content=\"Dur\u00e9e de lecture estim\u00e9e\" \/>\n\t<meta name=\"twitter:data1\" content=\"1 minute\" \/>\n<script type=\"application\/ld+json\" class=\"yoast-schema-graph\">{\"@context\":\"https:\/\/schema.org\",\"@graph\":[{\"@type\":\"WebPage\",\"@id\":\"https:\/\/www.setapht.com\/fr\/catalogue-setapht\/\",\"url\":\"https:\/\/www.setapht.com\/fr\/catalogue-setapht\/\",\"name\":\"T\u00e9l\u00e9charger le catalogue SETA\u1d3e\u1d34\u1d40 - SETAPHT Fr\",\"isPartOf\":{\"@id\":\"https:\/\/www.setapht.com\/fr\/#website\"},\"primaryImageOfPage\":{\"@id\":\"https:\/\/www.setapht.com\/fr\/catalogue-setapht\/#primaryimage\"},\"image\":{\"@id\":\"https:\/\/www.setapht.com\/fr\/catalogue-setapht\/#primaryimage\"},\"thumbnailUrl\":\"https:\/\/www.setapht.com\/fr\/wp-content\/uploads\/sites\/4\/2021\/03\/potabilizadora-2.jpg\",\"datePublished\":\"2021-03-23T12:38:11+00:00\",\"dateModified\":\"2022-10-26T15:49:31+00:00\",\"breadcrumb\":{\"@id\":\"https:\/\/www.setapht.com\/fr\/catalogue-setapht\/#breadcrumb\"},\"inLanguage\":\"fr-FR\",\"potentialAction\":[{\"@type\":\"ReadAction\",\"target\":[\"https:\/\/www.setapht.com\/fr\/catalogue-setapht\/\"]}]},{\"@type\":\"ImageObject\",\"inLanguage\":\"fr-FR\",\"@id\":\"https:\/\/www.setapht.com\/fr\/catalogue-setapht\/#primaryimage\",\"url\":\"https:\/\/www.setapht.com\/fr\/wp-content\/uploads\/sites\/4\/2021\/03\/potabilizadora-2.jpg\",\"contentUrl\":\"https:\/\/www.setapht.com\/fr\/wp-content\/uploads\/sites\/4\/2021\/03\/potabilizadora-2.jpg\",\"width\":960,\"height\":717},{\"@type\":\"BreadcrumbList\",\"@id\":\"https:\/\/www.setapht.com\/fr\/catalogue-setapht\/#breadcrumb\",\"itemListElement\":[{\"@type\":\"ListItem\",\"position\":1,\"name\":\"SETA\u1d3e\u1d34\u1d40\",\"item\":\"https:\/\/www.setapht.com\/fr\/\"},{\"@type\":\"ListItem\",\"position\":2,\"name\":\"T\u00e9l\u00e9charger le catalogue SETA\u1d3e\u1d34\u1d40\"}]},{\"@type\":\"WebSite\",\"@id\":\"https:\/\/www.setapht.com\/fr\/#website\",\"url\":\"https:\/\/www.setapht.com\/fr\/\",\"name\":\"SETAPHT Fr\",\"description\":\"Soluciones integrales para el tratamiento del agua\",\"publisher\":{\"@id\":\"https:\/\/www.setapht.com\/fr\/#organization\"},\"potentialAction\":[{\"@type\":\"SearchAction\",\"target\":{\"@type\":\"EntryPoint\",\"urlTemplate\":\"https:\/\/www.setapht.com\/fr\/?s={search_term_string}\"},\"query-input\":{\"@type\":\"PropertyValueSpecification\",\"valueRequired\":true,\"valueName\":\"search_term_string\"}}],\"inLanguage\":\"fr-FR\"},{\"@type\":\"Organization\",\"@id\":\"https:\/\/www.setapht.com\/fr\/#organization\",\"name\":\"SETAPHT Fr\",\"url\":\"https:\/\/www.setapht.com\/fr\/\",\"logo\":{\"@type\":\"ImageObject\",\"inLanguage\":\"fr-FR\",\"@id\":\"https:\/\/www.setapht.com\/fr\/#\/schema\/logo\/image\/\",\"url\":\"https:\/\/www.setapht.com\/fr\/wp-content\/uploads\/sites\/4\/2021\/03\/Logotipo-web-600px.png\",\"contentUrl\":\"https:\/\/www.setapht.com\/fr\/wp-content\/uploads\/sites\/4\/2021\/03\/Logotipo-web-600px.png\",\"width\":600,\"height\":133,\"caption\":\"SETAPHT Fr\"},\"image\":{\"@id\":\"https:\/\/www.setapht.com\/fr\/#\/schema\/logo\/image\/\"}}]}<\/script>\n<!-- \/ Yoast SEO plugin. -->","yoast_head_json":{"title":"T\u00e9l\u00e9charger le catalogue SETA\u1d3e\u1d34\u1d40 - SETAPHT Fr","robots":{"index":"index","follow":"follow","max-snippet":"max-snippet:-1","max-image-preview":"max-image-preview:large","max-video-preview":"max-video-preview:-1"},"canonical":"https:\/\/www.setapht.com\/fr\/catalogue-setapht\/","og_locale":"fr_FR","og_type":"article","og_title":"T\u00e9l\u00e9charger le catalogue SETA\u1d3e\u1d34\u1d40 - SETAPHT Fr","og_description":"Produits et exp\u00e9riences SETA\u1d3e\u1d34\u1d40 est la soci\u00e9t\u00e9 r\u00e9sultant de l\u2019union de deux entreprises ayant d\u2019importantes r\u00e9f\u00e9rences dans le secteur du traitement de l\u2019eau : Sociedad Espa\u00f1ola de Tratamiento de Agua S.L. et PH Technology S.L. T\u00e9l\u00e9chargez notre dossier pour en savoir plus sur nous: L\u2019entreprise. Produits et services. Technologies sp\u00e9cifiques pour les stations de traitement [&hellip;]","og_url":"https:\/\/www.setapht.com\/fr\/catalogue-setapht\/","og_site_name":"SETAPHT Fr","article_modified_time":"2022-10-26T15:49:31+00:00","og_image":[{"width":1200,"height":630,"url":"https:\/\/www.setapht.com\/fr\/wp-content\/uploads\/sites\/4\/2021\/03\/facebook-1.png","type":"image\/png"}],"twitter_card":"summary_large_image","twitter_misc":{"Dur\u00e9e de lecture estim\u00e9e":"1 minute"},"schema":{"@context":"https:\/\/schema.org","@graph":[{"@type":"WebPage","@id":"https:\/\/www.setapht.com\/fr\/catalogue-setapht\/","url":"https:\/\/www.setapht.com\/fr\/catalogue-setapht\/","name":"T\u00e9l\u00e9charger le catalogue SETA\u1d3e\u1d34\u1d40 - SETAPHT Fr","isPartOf":{"@id":"https:\/\/www.setapht.com\/fr\/#website"},"primaryImageOfPage":{"@id":"https:\/\/www.setapht.com\/fr\/catalogue-setapht\/#primaryimage"},"image":{"@id":"https:\/\/www.setapht.com\/fr\/catalogue-setapht\/#primaryimage"},"thumbnailUrl":"https:\/\/www.setapht.com\/fr\/wp-content\/uploads\/sites\/4\/2021\/03\/potabilizadora-2.jpg","datePublished":"2021-03-23T12:38:11+00:00","dateModified":"2022-10-26T15:49:31+00:00","breadcrumb":{"@id":"https:\/\/www.setapht.com\/fr\/catalogue-setapht\/#breadcrumb"},"inLanguage":"fr-FR","potentialAction":[{"@type":"ReadAction","target":["https:\/\/www.setapht.com\/fr\/catalogue-setapht\/"]}]},{"@type":"ImageObject","inLanguage":"fr-FR","@id":"https:\/\/www.setapht.com\/fr\/catalogue-setapht\/#primaryimage","url":"https:\/\/www.setapht.com\/fr\/wp-content\/uploads\/sites\/4\/2021\/03\/potabilizadora-2.jpg","contentUrl":"https:\/\/www.setapht.com\/fr\/wp-content\/uploads\/sites\/4\/2021\/03\/potabilizadora-2.jpg","width":960,"height":717},{"@type":"BreadcrumbList","@id":"https:\/\/www.setapht.com\/fr\/catalogue-setapht\/#breadcrumb","itemListElement":[{"@type":"ListItem","position":1,"name":"SETA\u1d3e\u1d34\u1d40","item":"https:\/\/www.setapht.com\/fr\/"},{"@type":"ListItem","position":2,"name":"T\u00e9l\u00e9charger le catalogue SETA\u1d3e\u1d34\u1d40"}]},{"@type":"WebSite","@id":"https:\/\/www.setapht.com\/fr\/#website","url":"https:\/\/www.setapht.com\/fr\/","name":"SETAPHT Fr","description":"Soluciones integrales para el tratamiento del agua","publisher":{"@id":"https:\/\/www.setapht.com\/fr\/#organization"},"potentialAction":[{"@type":"SearchAction","target":{"@type":"EntryPoint","urlTemplate":"https:\/\/www.setapht.com\/fr\/?s={search_term_string}"},"query-input":{"@type":"PropertyValueSpecification","valueRequired":true,"valueName":"search_term_string"}}],"inLanguage":"fr-FR"},{"@type":"Organization","@id":"https:\/\/www.setapht.com\/fr\/#organization","name":"SETAPHT Fr","url":"https:\/\/www.setapht.com\/fr\/","logo":{"@type":"ImageObject","inLanguage":"fr-FR","@id":"https:\/\/www.setapht.com\/fr\/#\/schema\/logo\/image\/","url":"https:\/\/www.setapht.com\/fr\/wp-content\/uploads\/sites\/4\/2021\/03\/Logotipo-web-600px.png","contentUrl":"https:\/\/www.setapht.com\/fr\/wp-content\/uploads\/sites\/4\/2021\/03\/Logotipo-web-600px.png","width":600,"height":133,"caption":"SETAPHT Fr"},"image":{"@id":"https:\/\/www.setapht.com\/fr\/#\/schema\/logo\/image\/"}}]}},"_links":{"self":[{"href":"https:\/\/www.setapht.com\/fr\/wp-json\/wp\/v2\/pages\/634","targetHints":{"allow":["GET"]}}],"collection":[{"href":"https:\/\/www.setapht.com\/fr\/wp-json\/wp\/v2\/pages"}],"about":[{"href":"https:\/\/www.setapht.com\/fr\/wp-json\/wp\/v2\/types\/page"}],"author":[{"embeddable":true,"href":"https:\/\/www.setapht.com\/fr\/wp-json\/wp\/v2\/users\/1"}],"replies":[{"embeddable":true,"href":"https:\/\/www.setapht.com\/fr\/wp-json\/wp\/v2\/comments?post=634"}],"version-history":[{"count":14,"href":"https:\/\/www.setapht.com\/fr\/wp-json\/wp\/v2\/pages\/634\/revisions"}],"predecessor-version":[{"id":3052,"href":"https:\/\/www.setapht.com\/fr\/wp-json\/wp\/v2\/pages\/634\/revisions\/3052"}],"wp:featuredmedia":[{"embeddable":true,"href":"https:\/\/www.setapht.com\/fr\/wp-json\/wp\/v2\/media\/621"}],"wp:attachment":[{"href":"https:\/\/www.setapht.com\/fr\/wp-json\/wp\/v2\/media?parent=634"}],"curies":[{"name":"wp","href":"https:\/\/api.w.org\/{rel}","templated":true}]}}