{"id":801,"date":"2021-03-24T09:22:26","date_gmt":"2021-03-24T09:22:26","guid":{"rendered":"https:\/\/www.setapht.com\/?page_id=801"},"modified":"2022-10-27T10:27:23","modified_gmt":"2022-10-27T10:27:23","slug":"entreprise","status":"publish","type":"page","link":"https:\/\/www.setapht.com\/fr\/entreprise\/","title":{"rendered":"Entreprise"},"content":{"rendered":"\t\t<div data-elementor-type=\"wp-page\" data-elementor-id=\"801\" class=\"elementor elementor-801\" data-elementor-post-type=\"page\">\n\t\t\t\t\t\t<section class=\"elementor-section elementor-top-section elementor-element elementor-element-7701a637 elementor-section-height-min-height elementor-section-boxed elementor-section-height-default elementor-section-items-middle\" data-id=\"7701a637\" data-element_type=\"section\" data-e-type=\"section\" data-settings=\"{&quot;background_background&quot;:&quot;slideshow&quot;,&quot;background_slideshow_gallery&quot;:[{&quot;id&quot;:2351,&quot;url&quot;:&quot;https:\\\/\\\/www.setapht.com\\\/wp-content\\\/uploads\\\/2022\\\/06\\\/catalogo-agua-PHT-ene2019-rev-1-1_page-0003.jpg&quot;}],&quot;background_slideshow_loop&quot;:&quot;yes&quot;,&quot;background_slideshow_slide_duration&quot;:5000,&quot;background_slideshow_slide_transition&quot;:&quot;fade&quot;,&quot;background_slideshow_transition_duration&quot;:500}\">\n\t\t\t\t\t\t\t<div class=\"elementor-background-overlay\"><\/div>\n\t\t\t\t\t\t\t<div class=\"elementor-container elementor-column-gap-default\">\n\t\t\t\t\t<div class=\"elementor-column elementor-col-100 elementor-top-column elementor-element elementor-element-7de55eb6\" data-id=\"7de55eb6\" data-element_type=\"column\" data-e-type=\"column\">\n\t\t\t<div class=\"elementor-widget-wrap elementor-element-populated\">\n\t\t\t\t\t\t<div class=\"elementor-element elementor-element-dfeb102 elementor-widget__width-auto elementor-widget elementor-widget-heading\" data-id=\"dfeb102\" data-element_type=\"widget\" data-e-type=\"widget\" data-widget_type=\"heading.default\">\n\t\t\t\t<div class=\"elementor-widget-container\">\n\t\t\t\t\t<h1 class=\"elementor-heading-title elementor-size-default\">L'entreprise<\/h1>\t\t\t\t<\/div>\n\t\t\t\t<\/div>\n\t\t\t\t<div class=\"elementor-element elementor-element-3508e5fe elementor-widget elementor-widget-spacer\" data-id=\"3508e5fe\" data-element_type=\"widget\" data-e-type=\"widget\" data-widget_type=\"spacer.default\">\n\t\t\t\t<div class=\"elementor-widget-container\">\n\t\t\t\t\t\t\t<div class=\"elementor-spacer\">\n\t\t\t<div class=\"elementor-spacer-inner\"><\/div>\n\t\t<\/div>\n\t\t\t\t\t\t<\/div>\n\t\t\t\t<\/div>\n\t\t\t\t<div class=\"elementor-element elementor-element-681e9b32 elementor-widget__width-auto elementor-widget elementor-widget-heading\" data-id=\"681e9b32\" data-element_type=\"widget\" data-e-type=\"widget\" data-widget_type=\"heading.default\">\n\t\t\t\t<div class=\"elementor-widget-container\">\n\t\t\t\t\t<p class=\"elementor-heading-title elementor-size-default\">Experts en traitement de l'eau<\/p>\t\t\t\t<\/div>\n\t\t\t\t<\/div>\n\t\t\t\t\t<\/div>\n\t\t<\/div>\n\t\t\t\t\t<\/div>\n\t\t<\/section>\n\t\t\t\t<section class=\"elementor-section elementor-top-section elementor-element elementor-element-fe14990 elementor-section-content-top elementor-section-boxed elementor-section-height-default elementor-section-height-default\" data-id=\"fe14990\" data-element_type=\"section\" data-e-type=\"section\">\n\t\t\t\t\t\t<div class=\"elementor-container elementor-column-gap-default\">\n\t\t\t\t\t<div class=\"elementor-column elementor-col-50 elementor-top-column elementor-element elementor-element-3d3d63fc\" data-id=\"3d3d63fc\" data-element_type=\"column\" data-e-type=\"column\">\n\t\t\t<div class=\"elementor-widget-wrap elementor-element-populated\">\n\t\t\t\t\t\t<div class=\"elementor-element elementor-element-795d9567 elementor-widget elementor-widget-text-editor\" data-id=\"795d9567\" data-element_type=\"widget\" data-e-type=\"widget\" data-widget_type=\"text-editor.default\">\n\t\t\t\t<div class=\"elementor-widget-container\">\n\t\t\t\t\t\t\t\t\t<p>SETA\u1d3e\u1d34\u1d40 est une entreprise espagnole pionni\u00e8re dans le traitement et le dessalement de l&rsquo;eau. Elle poss\u00e8de actuellement deux si\u00e8ges, l&rsquo;un situ\u00e9 \u00e0 Rivas-Vaciamadrid (Madrid), o\u00f9 se trouve le bureau technique et commercial, et l&rsquo;autre \u00e0 San Juan del Puerto (Huelva) o\u00f9 se trouve toute la division de conception, de fabrication et de montage.<\/p><p>Elle concentre son activit\u00e9 sur la conception, la fabrication et la mise en service de stations de traitement des eaux. Des \u00e9quipements conteneuris\u00e9s et\/ou modulaires aux projets cl\u00e9s en main pour couvrir la demande en eau propre \u00e0 la consommation humaine et \u00e0 l&rsquo;usage industriel : potabilisation, dessalement, d\u00e9min\u00e9ralisation, purification, etc.<\/p><p>Elle offre un service complet et personnalis\u00e9 en fonction des besoins et des conditions de chaque client. Depuis les \u00e9tudes de faisabilit\u00e9, l&rsquo;analyse des alternatives, la recherche de financement, la conception, la construction, le montage, le d\u00e9marrage, la maintenance et la formation.<\/p><p>\u00c0 cette fin, elle dispose de son propre d\u00e9partement d&rsquo;ing\u00e9nierie et des meilleures ressources humaines, techniques et logistiques pour entreprendre l&rsquo;\u00e9tude, l&rsquo;\u00e9laboration et l&rsquo;ex\u00e9cution d&rsquo;un projet de traitement des eaux en un temps record.<\/p><p>Elle utilise des technologies sp\u00e9cifiques telles que les traitements physico-chimiques, la DAF, la filtration, l&rsquo;ultrafiltration, la nanofiltration, l&rsquo;osmose inverse, \u00e9lectrod\u00e9ionisation, l&rsquo;\u00e9change d&rsquo;ions et le retardement d&rsquo;ions, entre autres.<\/p><p>Et c&rsquo;est un pionnier de l&rsquo;automatisation des processus, de la surveillance et de la num\u00e9risation des stations de traitement des eaux, qui propose les solutions les plus comp\u00e9titives.<\/p><p>Cela a positionn\u00e9 SETA\u1d3e\u1d34\u1d40 sur le march\u00e9 national et international comme une entreprise de r\u00e9f\u00e9rence dans le secteur et l&rsquo;a amen\u00e9e \u00e0 \u00eatre pr\u00e9sente dans plus de 30 pays, menant des projets dans l&rsquo;administration publique, les secteurs industriels et les usages priv\u00e9s.<\/p>\t\t\t\t\t\t\t\t<\/div>\n\t\t\t\t<\/div>\n\t\t\t\t\t<\/div>\n\t\t<\/div>\n\t\t\t\t<div class=\"elementor-column elementor-col-50 elementor-top-column elementor-element elementor-element-22361456\" data-id=\"22361456\" data-element_type=\"column\" data-e-type=\"column\">\n\t\t\t<div class=\"elementor-widget-wrap elementor-element-populated\">\n\t\t\t\t\t\t<div class=\"elementor-element elementor-element-fece1c3 elementor-widget elementor-widget-image\" data-id=\"fece1c3\" data-element_type=\"widget\" data-e-type=\"widget\" data-widget_type=\"image.default\">\n\t\t\t\t<div class=\"elementor-widget-container\">\n\t\t\t\t\t\t\t\t\t\t\t\t<figure class=\"wp-caption\">\n\t\t\t\t\t\t\t\t\t\t<img fetchpriority=\"high\" decoding=\"async\" width=\"563\" height=\"380\" src=\"https:\/\/www.setapht.com\/fr\/wp-content\/uploads\/sites\/4\/2022\/06\/edificio-alfa-calle-marie-curie-5.jpg\" class=\"attachment-large size-large wp-image-2342\" alt=\"SETA PHT Madrid\" srcset=\"https:\/\/www.setapht.com\/fr\/wp-content\/uploads\/sites\/4\/2022\/06\/edificio-alfa-calle-marie-curie-5.jpg 563w, https:\/\/www.setapht.com\/fr\/wp-content\/uploads\/sites\/4\/2022\/06\/edificio-alfa-calle-marie-curie-5-300x202.jpg 300w\" sizes=\"(max-width: 563px) 100vw, 563px\" \/>\t\t\t\t\t\t\t\t\t\t\t<figcaption class=\"widget-image-caption wp-caption-text\">Sede en Madrid<\/figcaption>\n\t\t\t\t\t\t\t\t\t\t<\/figure>\n\t\t\t\t\t\t\t\t\t<\/div>\n\t\t\t\t<\/div>\n\t\t\t\t<div class=\"elementor-element elementor-element-db221ef elementor-widget elementor-widget-image\" data-id=\"db221ef\" data-element_type=\"widget\" data-e-type=\"widget\" data-widget_type=\"image.default\">\n\t\t\t\t<div class=\"elementor-widget-container\">\n\t\t\t\t\t\t\t\t\t\t\t\t<figure class=\"wp-caption\">\n\t\t\t\t\t\t\t\t\t\t<img decoding=\"async\" width=\"800\" height=\"489\" src=\"https:\/\/www.setapht.com\/fr\/wp-content\/uploads\/sites\/4\/2021\/03\/catalogo-agua-PHT-ene2019-rev-1-1_page-0003-1-1024x626.jpg\" class=\"attachment-large size-large wp-image-808\" alt=\"Sede de San Juan del Puerto (Huelva)\" srcset=\"https:\/\/www.setapht.com\/fr\/wp-content\/uploads\/sites\/4\/2021\/03\/catalogo-agua-PHT-ene2019-rev-1-1_page-0003-1-1024x626.jpg 1024w, https:\/\/www.setapht.com\/fr\/wp-content\/uploads\/sites\/4\/2021\/03\/catalogo-agua-PHT-ene2019-rev-1-1_page-0003-1-300x183.jpg 300w, https:\/\/www.setapht.com\/fr\/wp-content\/uploads\/sites\/4\/2021\/03\/catalogo-agua-PHT-ene2019-rev-1-1_page-0003-1-768x469.jpg 768w, https:\/\/www.setapht.com\/fr\/wp-content\/uploads\/sites\/4\/2021\/03\/catalogo-agua-PHT-ene2019-rev-1-1_page-0003-1.jpg 1114w\" sizes=\"(max-width: 800px) 100vw, 800px\" \/>\t\t\t\t\t\t\t\t\t\t\t<figcaption class=\"widget-image-caption wp-caption-text\">Sede de San Juan del Puerto (Huelva)<\/figcaption>\n\t\t\t\t\t\t\t\t\t\t<\/figure>\n\t\t\t\t\t\t\t\t\t<\/div>\n\t\t\t\t<\/div>\n\t\t\t\t\t<\/div>\n\t\t<\/div>\n\t\t\t\t\t<\/div>\n\t\t<\/section>\n\t\t\t\t<\/div>\n\t\t","protected":false},"excerpt":{"rendered":"<p>L&rsquo;entreprise Experts en traitement de l&rsquo;eau SETA\u1d3e\u1d34\u1d40 est une entreprise espagnole pionni\u00e8re dans le traitement et le dessalement de l&rsquo;eau. Elle poss\u00e8de actuellement deux si\u00e8ges, l&rsquo;un situ\u00e9 \u00e0 Rivas-Vaciamadrid (Madrid), o\u00f9 se trouve le bureau technique et commercial, et l&rsquo;autre \u00e0 San Juan del Puerto (Huelva) o\u00f9 se trouve toute la division de conception, de [&hellip;]<\/p>\n","protected":false},"author":1,"featured_media":0,"parent":0,"menu_order":0,"comment_status":"closed","ping_status":"closed","template":"","meta":{"content-type":"","footnotes":""},"class_list":["post-801","page","type-page","status-publish","hentry"],"yoast_head":"<!-- This site is optimized with the Yoast SEO plugin v25.8 - https:\/\/yoast.com\/wordpress\/plugins\/seo\/ -->\n<title>Entreprise - SETAPHT Fr<\/title>\n<meta name=\"robots\" content=\"index, follow, max-snippet:-1, max-image-preview:large, max-video-preview:-1\" \/>\n<link rel=\"canonical\" href=\"https:\/\/www.setapht.com\/fr\/entreprise\/\" \/>\n<meta property=\"og:locale\" content=\"fr_FR\" \/>\n<meta property=\"og:type\" content=\"article\" \/>\n<meta property=\"og:title\" content=\"Entreprise - SETAPHT Fr\" \/>\n<meta property=\"og:description\" content=\"L&rsquo;entreprise Experts en traitement de l&rsquo;eau SETA\u1d3e\u1d34\u1d40 est une entreprise espagnole pionni\u00e8re dans le traitement et le dessalement de l&rsquo;eau. Elle poss\u00e8de actuellement deux si\u00e8ges, l&rsquo;un situ\u00e9 \u00e0 Rivas-Vaciamadrid (Madrid), o\u00f9 se trouve le bureau technique et commercial, et l&rsquo;autre \u00e0 San Juan del Puerto (Huelva) o\u00f9 se trouve toute la division de conception, de [&hellip;]\" \/>\n<meta property=\"og:url\" content=\"https:\/\/www.setapht.com\/fr\/entreprise\/\" \/>\n<meta property=\"og:site_name\" content=\"SETAPHT Fr\" \/>\n<meta property=\"article:modified_time\" content=\"2022-10-27T10:27:23+00:00\" \/>\n<meta property=\"og:image\" content=\"https:\/\/www.setapht.com\/fr\/wp-content\/uploads\/sites\/4\/2022\/06\/edificio-alfa-calle-marie-curie-5.jpg\" \/>\n<meta name=\"twitter:card\" content=\"summary_large_image\" \/>\n<meta name=\"twitter:label1\" content=\"Dur\u00e9e de lecture estim\u00e9e\" \/>\n\t<meta name=\"twitter:data1\" content=\"2 minutes\" \/>\n<script type=\"application\/ld+json\" class=\"yoast-schema-graph\">{\"@context\":\"https:\/\/schema.org\",\"@graph\":[{\"@type\":\"WebPage\",\"@id\":\"https:\/\/www.setapht.com\/fr\/entreprise\/\",\"url\":\"https:\/\/www.setapht.com\/fr\/entreprise\/\",\"name\":\"Entreprise - SETAPHT Fr\",\"isPartOf\":{\"@id\":\"https:\/\/www.setapht.com\/fr\/#website\"},\"primaryImageOfPage\":{\"@id\":\"https:\/\/www.setapht.com\/fr\/entreprise\/#primaryimage\"},\"image\":{\"@id\":\"https:\/\/www.setapht.com\/fr\/entreprise\/#primaryimage\"},\"thumbnailUrl\":\"https:\/\/www.setapht.com\/fr\/wp-content\/uploads\/sites\/4\/2022\/06\/edificio-alfa-calle-marie-curie-5.jpg\",\"datePublished\":\"2021-03-24T09:22:26+00:00\",\"dateModified\":\"2022-10-27T10:27:23+00:00\",\"breadcrumb\":{\"@id\":\"https:\/\/www.setapht.com\/fr\/entreprise\/#breadcrumb\"},\"inLanguage\":\"fr-FR\",\"potentialAction\":[{\"@type\":\"ReadAction\",\"target\":[\"https:\/\/www.setapht.com\/fr\/entreprise\/\"]}]},{\"@type\":\"ImageObject\",\"inLanguage\":\"fr-FR\",\"@id\":\"https:\/\/www.setapht.com\/fr\/entreprise\/#primaryimage\",\"url\":\"https:\/\/www.setapht.com\/fr\/wp-content\/uploads\/sites\/4\/2022\/06\/edificio-alfa-calle-marie-curie-5.jpg\",\"contentUrl\":\"https:\/\/www.setapht.com\/fr\/wp-content\/uploads\/sites\/4\/2022\/06\/edificio-alfa-calle-marie-curie-5.jpg\"},{\"@type\":\"BreadcrumbList\",\"@id\":\"https:\/\/www.setapht.com\/fr\/entreprise\/#breadcrumb\",\"itemListElement\":[{\"@type\":\"ListItem\",\"position\":1,\"name\":\"SETA\u1d3e\u1d34\u1d40\",\"item\":\"https:\/\/www.setapht.com\/fr\/\"},{\"@type\":\"ListItem\",\"position\":2,\"name\":\"Entreprise\"}]},{\"@type\":\"WebSite\",\"@id\":\"https:\/\/www.setapht.com\/fr\/#website\",\"url\":\"https:\/\/www.setapht.com\/fr\/\",\"name\":\"SETAPHT Fr\",\"description\":\"Soluciones integrales para el tratamiento del agua\",\"publisher\":{\"@id\":\"https:\/\/www.setapht.com\/fr\/#organization\"},\"potentialAction\":[{\"@type\":\"SearchAction\",\"target\":{\"@type\":\"EntryPoint\",\"urlTemplate\":\"https:\/\/www.setapht.com\/fr\/?s={search_term_string}\"},\"query-input\":{\"@type\":\"PropertyValueSpecification\",\"valueRequired\":true,\"valueName\":\"search_term_string\"}}],\"inLanguage\":\"fr-FR\"},{\"@type\":\"Organization\",\"@id\":\"https:\/\/www.setapht.com\/fr\/#organization\",\"name\":\"SETAPHT Fr\",\"url\":\"https:\/\/www.setapht.com\/fr\/\",\"logo\":{\"@type\":\"ImageObject\",\"inLanguage\":\"fr-FR\",\"@id\":\"https:\/\/www.setapht.com\/fr\/#\/schema\/logo\/image\/\",\"url\":\"https:\/\/www.setapht.com\/fr\/wp-content\/uploads\/sites\/4\/2021\/03\/Logotipo-web-600px.png\",\"contentUrl\":\"https:\/\/www.setapht.com\/fr\/wp-content\/uploads\/sites\/4\/2021\/03\/Logotipo-web-600px.png\",\"width\":600,\"height\":133,\"caption\":\"SETAPHT Fr\"},\"image\":{\"@id\":\"https:\/\/www.setapht.com\/fr\/#\/schema\/logo\/image\/\"}}]}<\/script>\n<!-- \/ Yoast SEO plugin. -->","yoast_head_json":{"title":"Entreprise - SETAPHT Fr","robots":{"index":"index","follow":"follow","max-snippet":"max-snippet:-1","max-image-preview":"max-image-preview:large","max-video-preview":"max-video-preview:-1"},"canonical":"https:\/\/www.setapht.com\/fr\/entreprise\/","og_locale":"fr_FR","og_type":"article","og_title":"Entreprise - SETAPHT Fr","og_description":"L&rsquo;entreprise Experts en traitement de l&rsquo;eau SETA\u1d3e\u1d34\u1d40 est une entreprise espagnole pionni\u00e8re dans le traitement et le dessalement de l&rsquo;eau. Elle poss\u00e8de actuellement deux si\u00e8ges, l&rsquo;un situ\u00e9 \u00e0 Rivas-Vaciamadrid (Madrid), o\u00f9 se trouve le bureau technique et commercial, et l&rsquo;autre \u00e0 San Juan del Puerto (Huelva) o\u00f9 se trouve toute la division de conception, de [&hellip;]","og_url":"https:\/\/www.setapht.com\/fr\/entreprise\/","og_site_name":"SETAPHT Fr","article_modified_time":"2022-10-27T10:27:23+00:00","og_image":[{"url":"https:\/\/www.setapht.com\/fr\/wp-content\/uploads\/sites\/4\/2022\/06\/edificio-alfa-calle-marie-curie-5.jpg","type":"","width":"","height":""}],"twitter_card":"summary_large_image","twitter_misc":{"Dur\u00e9e de lecture estim\u00e9e":"2 minutes"},"schema":{"@context":"https:\/\/schema.org","@graph":[{"@type":"WebPage","@id":"https:\/\/www.setapht.com\/fr\/entreprise\/","url":"https:\/\/www.setapht.com\/fr\/entreprise\/","name":"Entreprise - SETAPHT Fr","isPartOf":{"@id":"https:\/\/www.setapht.com\/fr\/#website"},"primaryImageOfPage":{"@id":"https:\/\/www.setapht.com\/fr\/entreprise\/#primaryimage"},"image":{"@id":"https:\/\/www.setapht.com\/fr\/entreprise\/#primaryimage"},"thumbnailUrl":"https:\/\/www.setapht.com\/fr\/wp-content\/uploads\/sites\/4\/2022\/06\/edificio-alfa-calle-marie-curie-5.jpg","datePublished":"2021-03-24T09:22:26+00:00","dateModified":"2022-10-27T10:27:23+00:00","breadcrumb":{"@id":"https:\/\/www.setapht.com\/fr\/entreprise\/#breadcrumb"},"inLanguage":"fr-FR","potentialAction":[{"@type":"ReadAction","target":["https:\/\/www.setapht.com\/fr\/entreprise\/"]}]},{"@type":"ImageObject","inLanguage":"fr-FR","@id":"https:\/\/www.setapht.com\/fr\/entreprise\/#primaryimage","url":"https:\/\/www.setapht.com\/fr\/wp-content\/uploads\/sites\/4\/2022\/06\/edificio-alfa-calle-marie-curie-5.jpg","contentUrl":"https:\/\/www.setapht.com\/fr\/wp-content\/uploads\/sites\/4\/2022\/06\/edificio-alfa-calle-marie-curie-5.jpg"},{"@type":"BreadcrumbList","@id":"https:\/\/www.setapht.com\/fr\/entreprise\/#breadcrumb","itemListElement":[{"@type":"ListItem","position":1,"name":"SETA\u1d3e\u1d34\u1d40","item":"https:\/\/www.setapht.com\/fr\/"},{"@type":"ListItem","position":2,"name":"Entreprise"}]},{"@type":"WebSite","@id":"https:\/\/www.setapht.com\/fr\/#website","url":"https:\/\/www.setapht.com\/fr\/","name":"SETAPHT Fr","description":"Soluciones integrales para el tratamiento del agua","publisher":{"@id":"https:\/\/www.setapht.com\/fr\/#organization"},"potentialAction":[{"@type":"SearchAction","target":{"@type":"EntryPoint","urlTemplate":"https:\/\/www.setapht.com\/fr\/?s={search_term_string}"},"query-input":{"@type":"PropertyValueSpecification","valueRequired":true,"valueName":"search_term_string"}}],"inLanguage":"fr-FR"},{"@type":"Organization","@id":"https:\/\/www.setapht.com\/fr\/#organization","name":"SETAPHT Fr","url":"https:\/\/www.setapht.com\/fr\/","logo":{"@type":"ImageObject","inLanguage":"fr-FR","@id":"https:\/\/www.setapht.com\/fr\/#\/schema\/logo\/image\/","url":"https:\/\/www.setapht.com\/fr\/wp-content\/uploads\/sites\/4\/2021\/03\/Logotipo-web-600px.png","contentUrl":"https:\/\/www.setapht.com\/fr\/wp-content\/uploads\/sites\/4\/2021\/03\/Logotipo-web-600px.png","width":600,"height":133,"caption":"SETAPHT Fr"},"image":{"@id":"https:\/\/www.setapht.com\/fr\/#\/schema\/logo\/image\/"}}]}},"_links":{"self":[{"href":"https:\/\/www.setapht.com\/fr\/wp-json\/wp\/v2\/pages\/801","targetHints":{"allow":["GET"]}}],"collection":[{"href":"https:\/\/www.setapht.com\/fr\/wp-json\/wp\/v2\/pages"}],"about":[{"href":"https:\/\/www.setapht.com\/fr\/wp-json\/wp\/v2\/types\/page"}],"author":[{"embeddable":true,"href":"https:\/\/www.setapht.com\/fr\/wp-json\/wp\/v2\/users\/1"}],"replies":[{"embeddable":true,"href":"https:\/\/www.setapht.com\/fr\/wp-json\/wp\/v2\/comments?post=801"}],"version-history":[{"count":7,"href":"https:\/\/www.setapht.com\/fr\/wp-json\/wp\/v2\/pages\/801\/revisions"}],"predecessor-version":[{"id":3055,"href":"https:\/\/www.setapht.com\/fr\/wp-json\/wp\/v2\/pages\/801\/revisions\/3055"}],"wp:attachment":[{"href":"https:\/\/www.setapht.com\/fr\/wp-json\/wp\/v2\/media?parent=801"}],"curies":[{"name":"wp","href":"https:\/\/api.w.org\/{rel}","templated":true}]}}