{"id":834,"date":"2021-03-24T10:28:17","date_gmt":"2021-03-24T10:28:17","guid":{"rendered":"https:\/\/www.setapht.com\/?page_id=834"},"modified":"2026-03-16T15:11:52","modified_gmt":"2026-03-16T15:11:52","slug":"projets-cles-en-main","status":"publish","type":"page","link":"https:\/\/www.setapht.com\/fr\/projets-cles-en-main\/","title":{"rendered":"Projets cl\u00e9s en main\ufffc"},"content":{"rendered":"\t\t<div data-elementor-type=\"wp-page\" data-elementor-id=\"834\" class=\"elementor elementor-834\" data-elementor-post-type=\"page\">\n\t\t\t\t\t\t<section class=\"elementor-section elementor-top-section elementor-element elementor-element-7701a637 elementor-section-height-min-height elementor-section-boxed elementor-section-height-default elementor-section-items-middle\" data-id=\"7701a637\" data-element_type=\"section\" data-e-type=\"section\" data-settings=\"{&quot;background_background&quot;:&quot;slideshow&quot;,&quot;background_slideshow_gallery&quot;:[{&quot;id&quot;:1385,&quot;url&quot;:&quot;https:\\\/\\\/www.setapht.com\\\/wp-content\\\/uploads\\\/2021\\\/08\\\/Planta-de-o\\u0301smosis-de-agua-salobre-en-Olivenza.png&quot;}],&quot;background_slideshow_loop&quot;:&quot;yes&quot;,&quot;background_slideshow_slide_duration&quot;:5000,&quot;background_slideshow_slide_transition&quot;:&quot;fade&quot;,&quot;background_slideshow_transition_duration&quot;:500}\">\n\t\t\t\t\t\t\t<div class=\"elementor-background-overlay\"><\/div>\n\t\t\t\t\t\t\t<div class=\"elementor-container elementor-column-gap-default\">\n\t\t\t\t\t<div class=\"elementor-column elementor-col-100 elementor-top-column elementor-element elementor-element-7de55eb6\" data-id=\"7de55eb6\" data-element_type=\"column\" data-e-type=\"column\">\n\t\t\t<div class=\"elementor-widget-wrap elementor-element-populated\">\n\t\t\t\t\t\t<div class=\"elementor-element elementor-element-dfeb102 elementor-widget__width-auto elementor-widget elementor-widget-heading\" data-id=\"dfeb102\" data-element_type=\"widget\" data-e-type=\"widget\" data-widget_type=\"heading.default\">\n\t\t\t\t<div class=\"elementor-widget-container\">\n\t\t\t\t\t<h1 class=\"elementor-heading-title elementor-size-default\">Projets cl\u00e9s en main<\/h1>\t\t\t\t<\/div>\n\t\t\t\t<\/div>\n\t\t\t\t<div class=\"elementor-element elementor-element-3508e5fe elementor-widget elementor-widget-spacer\" data-id=\"3508e5fe\" data-element_type=\"widget\" data-e-type=\"widget\" data-widget_type=\"spacer.default\">\n\t\t\t\t<div class=\"elementor-widget-container\">\n\t\t\t\t\t\t\t<div class=\"elementor-spacer\">\n\t\t\t<div class=\"elementor-spacer-inner\"><\/div>\n\t\t<\/div>\n\t\t\t\t\t\t<\/div>\n\t\t\t\t<\/div>\n\t\t\t\t<div class=\"elementor-element elementor-element-681e9b32 elementor-widget__width-auto elementor-widget elementor-widget-heading\" data-id=\"681e9b32\" data-element_type=\"widget\" data-e-type=\"widget\" data-widget_type=\"heading.default\">\n\t\t\t\t<div class=\"elementor-widget-container\">\n\t\t\t\t\t<p class=\"elementor-heading-title elementor-size-default\">N'importe o\u00f9 dans le monde<\/p>\t\t\t\t<\/div>\n\t\t\t\t<\/div>\n\t\t\t\t\t<\/div>\n\t\t<\/div>\n\t\t\t\t\t<\/div>\n\t\t<\/section>\n\t\t\t\t<section class=\"elementor-section elementor-top-section elementor-element elementor-element-fe14990 elementor-section-content-top elementor-section-boxed elementor-section-height-default elementor-section-height-default\" data-id=\"fe14990\" data-element_type=\"section\" data-e-type=\"section\">\n\t\t\t\t\t\t<div class=\"elementor-container elementor-column-gap-default\">\n\t\t\t\t\t<div class=\"elementor-column elementor-col-50 elementor-top-column elementor-element elementor-element-3d3d63fc\" data-id=\"3d3d63fc\" data-element_type=\"column\" data-e-type=\"column\">\n\t\t\t<div class=\"elementor-widget-wrap elementor-element-populated\">\n\t\t\t\t\t\t<div class=\"elementor-element elementor-element-795d9567 elementor-widget elementor-widget-text-editor\" data-id=\"795d9567\" data-element_type=\"widget\" data-e-type=\"widget\" data-widget_type=\"text-editor.default\">\n\t\t\t\t<div class=\"elementor-widget-container\">\n\t\t\t\t\t\t\t\t\t<p><strong>SETA\u1d3e\u1d34\u1d40<\/strong> dispose des meilleures ressources humaines, techniques et logistiques pour le d\u00e9veloppement de projets cl\u00e9 en main partout dans le monde. Cette sp\u00e9cialisation nous permet de proposer l\u2019identification, la conception et le d\u00e9veloppement de projets cl\u00e9s en main.<\/p><p>Le Grupo <strong>SETA\u1d3e\u1d34\u1d40<\/strong> est actuellement pr\u00e9sent dans plus de 30 pays.<\/p>\t\t\t\t\t\t\t\t<\/div>\n\t\t\t\t<\/div>\n\t\t\t\t<div class=\"elementor-element elementor-element-f8a0182 elementor-icon-list--layout-traditional elementor-list-item-link-full_width elementor-widget elementor-widget-icon-list\" data-id=\"f8a0182\" data-element_type=\"widget\" data-e-type=\"widget\" data-widget_type=\"icon-list.default\">\n\t\t\t\t<div class=\"elementor-widget-container\">\n\t\t\t\t\t\t\t<ul class=\"elementor-icon-list-items\">\n\t\t\t\t\t\t\t<li class=\"elementor-icon-list-item\">\n\t\t\t\t\t\t\t\t\t\t\t<span class=\"elementor-icon-list-icon\">\n\t\t\t\t\t\t\t<i aria-hidden=\"true\" class=\"fas fa-check\"><\/i>\t\t\t\t\t\t<\/span>\n\t\t\t\t\t\t\t\t\t\t<span class=\"elementor-icon-list-text\">\u00c9tudier les besoins de la communaut\u00e9, de la r\u00e9gion ou du pays.<\/span>\n\t\t\t\t\t\t\t\t\t<\/li>\n\t\t\t\t\t\t\t\t<li class=\"elementor-icon-list-item\">\n\t\t\t\t\t\t\t\t\t\t\t<span class=\"elementor-icon-list-icon\">\n\t\t\t\t\t\t\t<i aria-hidden=\"true\" class=\"fas fa-check\"><\/i>\t\t\t\t\t\t<\/span>\n\t\t\t\t\t\t\t\t\t\t<span class=\"elementor-icon-list-text\">Choisir la solution la plus appropri\u00e9e dans chaque cas.<\/span>\n\t\t\t\t\t\t\t\t\t<\/li>\n\t\t\t\t\t\t\t\t<li class=\"elementor-icon-list-item\">\n\t\t\t\t\t\t\t\t\t\t\t<span class=\"elementor-icon-list-icon\">\n\t\t\t\t\t\t\t<i aria-hidden=\"true\" class=\"fas fa-check\"><\/i>\t\t\t\t\t\t<\/span>\n\t\t\t\t\t\t\t\t\t\t<span class=\"elementor-icon-list-text\">Proposer le financement qui convient le mieux aux besoins.<\/span>\n\t\t\t\t\t\t\t\t\t<\/li>\n\t\t\t\t\t\t\t\t<li class=\"elementor-icon-list-item\">\n\t\t\t\t\t\t\t\t\t\t\t<span class=\"elementor-icon-list-icon\">\n\t\t\t\t\t\t\t<i aria-hidden=\"true\" class=\"fas fa-check\"><\/i>\t\t\t\t\t\t<\/span>\n\t\t\t\t\t\t\t\t\t\t<span class=\"elementor-icon-list-text\">D\u00e9velopper l'ing\u00e9nierie.<\/span>\n\t\t\t\t\t\t\t\t\t<\/li>\n\t\t\t\t\t\t\t\t<li class=\"elementor-icon-list-item\">\n\t\t\t\t\t\t\t\t\t\t\t<span class=\"elementor-icon-list-icon\">\n\t\t\t\t\t\t\t<i aria-hidden=\"true\" class=\"fas fa-check\"><\/i>\t\t\t\t\t\t<\/span>\n\t\t\t\t\t\t\t\t\t\t<span class=\"elementor-icon-list-text\">Fournir des services de formation, d'exploitation et de maintenance.<\/span>\n\t\t\t\t\t\t\t\t\t<\/li>\n\t\t\t\t\t\t\t\t<li class=\"elementor-icon-list-item\">\n\t\t\t\t\t\t\t\t\t\t\t<span class=\"elementor-icon-list-icon\">\n\t\t\t\t\t\t\t<i aria-hidden=\"true\" class=\"fas fa-check\"><\/i>\t\t\t\t\t\t<\/span>\n\t\t\t\t\t\t\t\t\t\t<span class=\"elementor-icon-list-text\">Faciliter la durabilit\u00e9 des syst\u00e8mes.<\/span>\n\t\t\t\t\t\t\t\t\t<\/li>\n\t\t\t\t\t\t\t\t<li class=\"elementor-icon-list-item\">\n\t\t\t\t\t\t\t\t\t\t\t<span class=\"elementor-icon-list-icon\">\n\t\t\t\t\t\t\t<i aria-hidden=\"true\" class=\"fas fa-check\"><\/i>\t\t\t\t\t\t<\/span>\n\t\t\t\t\t\t\t\t\t\t<span class=\"elementor-icon-list-text\">Une entreprise autosuffisante pour la gestion int\u00e9gr\u00e9e de l'eau.<\/span>\n\t\t\t\t\t\t\t\t\t<\/li>\n\t\t\t\t\t\t<\/ul>\n\t\t\t\t\t\t<\/div>\n\t\t\t\t<\/div>\n\t\t\t\t<div class=\"elementor-element elementor-element-796c7b5 elementor-widget elementor-widget-text-editor\" data-id=\"796c7b5\" data-element_type=\"widget\" data-e-type=\"widget\" data-widget_type=\"text-editor.default\">\n\t\t\t\t<div class=\"elementor-widget-container\">\n\t\t\t\t\t\t\t\t\t<p><strong>SETA\u1d3e\u1d34\u1d40<\/strong> dispose de sa propre ing\u00e9nierie, capable d\u2019entreprendre en un temps record, l\u2019\u00e9tude, la r\u00e9daction et l\u2019ex\u00e9cution de tout projet li\u00e9 au <strong>Cycle Int\u00e9gral de l\u2019Eau<\/strong>. Nous nous occupons de tout, de l\u2019\u00e9tude au financement.<\/p><p>Soucieux d\u2019offrir un service complet, nous mettons notre ing\u00e9nierie \u00e0 la disposition de nos clients.<\/p>\t\t\t\t\t\t\t\t<\/div>\n\t\t\t\t<\/div>\n\t\t\t\t\t<\/div>\n\t\t<\/div>\n\t\t\t\t<div class=\"elementor-column elementor-col-50 elementor-top-column elementor-element elementor-element-22361456\" data-id=\"22361456\" data-element_type=\"column\" data-e-type=\"column\">\n\t\t\t<div class=\"elementor-widget-wrap elementor-element-populated\">\n\t\t\t\t\t\t<div class=\"elementor-element elementor-element-6e6bc39 elementor--h-position-center elementor--v-position-middle elementor-arrows-position-inside elementor-pagination-position-inside elementor-widget elementor-widget-slides\" data-id=\"6e6bc39\" data-element_type=\"widget\" data-e-type=\"widget\" data-settings=\"{&quot;navigation&quot;:&quot;both&quot;,&quot;autoplay&quot;:&quot;yes&quot;,&quot;pause_on_hover&quot;:&quot;yes&quot;,&quot;pause_on_interaction&quot;:&quot;yes&quot;,&quot;autoplay_speed&quot;:5000,&quot;infinite&quot;:&quot;yes&quot;,&quot;transition&quot;:&quot;slide&quot;,&quot;transition_speed&quot;:500}\" data-widget_type=\"slides.default\">\n\t\t\t\t<div class=\"elementor-widget-container\">\n\t\t\t\t\t\t\t<div class=\"elementor-swiper\">\n\t\t\t<div class=\"elementor-slides-wrapper elementor-main-swiper swiper-container\" dir=\"ltr\" data-animation=\"fadeInUp\">\n\t\t\t\t<div class=\"swiper-wrapper elementor-slides\">\n\t\t\t\t\t\t\t\t\t\t<div class=\"elementor-repeater-item-089f7cc swiper-slide\"><div class=\"swiper-slide-bg\" role=\"img\"><\/div><div class=\"swiper-slide-inner\" ><div class=\"swiper-slide-contents\"><\/div><\/div><\/div>\t\t\t\t<\/div>\n\t\t\t\t\t\t\t<\/div>\n\t\t<\/div>\n\t\t\t\t\t\t<\/div>\n\t\t\t\t<\/div>\n\t\t\t\t\t<\/div>\n\t\t<\/div>\n\t\t\t\t\t<\/div>\n\t\t<\/section>\n\t\t\t\t<\/div>\n\t\t","protected":false},"excerpt":{"rendered":"<p>Projets cl\u00e9s en main N&rsquo;importe o\u00f9 dans le monde SETA\u1d3e\u1d34\u1d40 dispose des meilleures ressources humaines, techniques et logistiques pour le d\u00e9veloppement de projets cl\u00e9 en main partout dans le monde. Cette sp\u00e9cialisation nous permet de proposer l\u2019identification, la conception et le d\u00e9veloppement de projets cl\u00e9s en main. Le Grupo SETA\u1d3e\u1d34\u1d40 est actuellement pr\u00e9sent dans plus [&hellip;]<\/p>\n","protected":false},"author":1,"featured_media":0,"parent":0,"menu_order":0,"comment_status":"closed","ping_status":"closed","template":"","meta":{"content-type":"","footnotes":""},"class_list":["post-834","page","type-page","status-publish","hentry"],"yoast_head":"<!-- This site is optimized with the Yoast SEO plugin v25.8 - https:\/\/yoast.com\/wordpress\/plugins\/seo\/ -->\n<title>Projets cl\u00e9s en main\ufffc - SETAPHT Fr<\/title>\n<meta name=\"robots\" content=\"index, follow, max-snippet:-1, max-image-preview:large, max-video-preview:-1\" \/>\n<link rel=\"canonical\" href=\"https:\/\/www.setapht.com\/fr\/projets-cles-en-main\/\" \/>\n<meta property=\"og:locale\" content=\"fr_FR\" \/>\n<meta property=\"og:type\" content=\"article\" \/>\n<meta property=\"og:title\" content=\"Projets cl\u00e9s en main\ufffc - SETAPHT Fr\" \/>\n<meta property=\"og:description\" content=\"Projets cl\u00e9s en main N&rsquo;importe o\u00f9 dans le monde SETA\u1d3e\u1d34\u1d40 dispose des meilleures ressources humaines, techniques et logistiques pour le d\u00e9veloppement de projets cl\u00e9 en main partout dans le monde. Cette sp\u00e9cialisation nous permet de proposer l\u2019identification, la conception et le d\u00e9veloppement de projets cl\u00e9s en main. Le Grupo SETA\u1d3e\u1d34\u1d40 est actuellement pr\u00e9sent dans plus [&hellip;]\" \/>\n<meta property=\"og:url\" content=\"https:\/\/www.setapht.com\/fr\/projets-cles-en-main\/\" \/>\n<meta property=\"og:site_name\" content=\"SETAPHT Fr\" \/>\n<meta property=\"article:modified_time\" content=\"2026-03-16T15:11:52+00:00\" \/>\n<meta name=\"twitter:card\" content=\"summary_large_image\" \/>\n<meta name=\"twitter:label1\" content=\"Dur\u00e9e de lecture estim\u00e9e\" \/>\n\t<meta name=\"twitter:data1\" content=\"1 minute\" \/>\n<script type=\"application\/ld+json\" class=\"yoast-schema-graph\">{\"@context\":\"https:\/\/schema.org\",\"@graph\":[{\"@type\":\"WebPage\",\"@id\":\"https:\/\/www.setapht.com\/fr\/projets-cles-en-main\/\",\"url\":\"https:\/\/www.setapht.com\/fr\/projets-cles-en-main\/\",\"name\":\"Projets cl\u00e9s en main\ufffc - SETAPHT Fr\",\"isPartOf\":{\"@id\":\"https:\/\/www.setapht.com\/fr\/#website\"},\"datePublished\":\"2021-03-24T10:28:17+00:00\",\"dateModified\":\"2026-03-16T15:11:52+00:00\",\"breadcrumb\":{\"@id\":\"https:\/\/www.setapht.com\/fr\/projets-cles-en-main\/#breadcrumb\"},\"inLanguage\":\"fr-FR\",\"potentialAction\":[{\"@type\":\"ReadAction\",\"target\":[\"https:\/\/www.setapht.com\/fr\/projets-cles-en-main\/\"]}]},{\"@type\":\"BreadcrumbList\",\"@id\":\"https:\/\/www.setapht.com\/fr\/projets-cles-en-main\/#breadcrumb\",\"itemListElement\":[{\"@type\":\"ListItem\",\"position\":1,\"name\":\"SETA\u1d3e\u1d34\u1d40\",\"item\":\"https:\/\/www.setapht.com\/fr\/\"},{\"@type\":\"ListItem\",\"position\":2,\"name\":\"Projets cl\u00e9s en main\ufffc\"}]},{\"@type\":\"WebSite\",\"@id\":\"https:\/\/www.setapht.com\/fr\/#website\",\"url\":\"https:\/\/www.setapht.com\/fr\/\",\"name\":\"SETAPHT Fr\",\"description\":\"Soluciones integrales para el tratamiento del agua\",\"publisher\":{\"@id\":\"https:\/\/www.setapht.com\/fr\/#organization\"},\"potentialAction\":[{\"@type\":\"SearchAction\",\"target\":{\"@type\":\"EntryPoint\",\"urlTemplate\":\"https:\/\/www.setapht.com\/fr\/?s={search_term_string}\"},\"query-input\":{\"@type\":\"PropertyValueSpecification\",\"valueRequired\":true,\"valueName\":\"search_term_string\"}}],\"inLanguage\":\"fr-FR\"},{\"@type\":\"Organization\",\"@id\":\"https:\/\/www.setapht.com\/fr\/#organization\",\"name\":\"SETAPHT Fr\",\"url\":\"https:\/\/www.setapht.com\/fr\/\",\"logo\":{\"@type\":\"ImageObject\",\"inLanguage\":\"fr-FR\",\"@id\":\"https:\/\/www.setapht.com\/fr\/#\/schema\/logo\/image\/\",\"url\":\"https:\/\/www.setapht.com\/fr\/wp-content\/uploads\/sites\/4\/2021\/03\/Logotipo-web-600px.png\",\"contentUrl\":\"https:\/\/www.setapht.com\/fr\/wp-content\/uploads\/sites\/4\/2021\/03\/Logotipo-web-600px.png\",\"width\":600,\"height\":133,\"caption\":\"SETAPHT Fr\"},\"image\":{\"@id\":\"https:\/\/www.setapht.com\/fr\/#\/schema\/logo\/image\/\"}}]}<\/script>\n<!-- \/ Yoast SEO plugin. -->","yoast_head_json":{"title":"Projets cl\u00e9s en main\ufffc - SETAPHT Fr","robots":{"index":"index","follow":"follow","max-snippet":"max-snippet:-1","max-image-preview":"max-image-preview:large","max-video-preview":"max-video-preview:-1"},"canonical":"https:\/\/www.setapht.com\/fr\/projets-cles-en-main\/","og_locale":"fr_FR","og_type":"article","og_title":"Projets cl\u00e9s en main\ufffc - SETAPHT Fr","og_description":"Projets cl\u00e9s en main N&rsquo;importe o\u00f9 dans le monde SETA\u1d3e\u1d34\u1d40 dispose des meilleures ressources humaines, techniques et logistiques pour le d\u00e9veloppement de projets cl\u00e9 en main partout dans le monde. Cette sp\u00e9cialisation nous permet de proposer l\u2019identification, la conception et le d\u00e9veloppement de projets cl\u00e9s en main. Le Grupo SETA\u1d3e\u1d34\u1d40 est actuellement pr\u00e9sent dans plus [&hellip;]","og_url":"https:\/\/www.setapht.com\/fr\/projets-cles-en-main\/","og_site_name":"SETAPHT Fr","article_modified_time":"2026-03-16T15:11:52+00:00","twitter_card":"summary_large_image","twitter_misc":{"Dur\u00e9e de lecture estim\u00e9e":"1 minute"},"schema":{"@context":"https:\/\/schema.org","@graph":[{"@type":"WebPage","@id":"https:\/\/www.setapht.com\/fr\/projets-cles-en-main\/","url":"https:\/\/www.setapht.com\/fr\/projets-cles-en-main\/","name":"Projets cl\u00e9s en main\ufffc - SETAPHT Fr","isPartOf":{"@id":"https:\/\/www.setapht.com\/fr\/#website"},"datePublished":"2021-03-24T10:28:17+00:00","dateModified":"2026-03-16T15:11:52+00:00","breadcrumb":{"@id":"https:\/\/www.setapht.com\/fr\/projets-cles-en-main\/#breadcrumb"},"inLanguage":"fr-FR","potentialAction":[{"@type":"ReadAction","target":["https:\/\/www.setapht.com\/fr\/projets-cles-en-main\/"]}]},{"@type":"BreadcrumbList","@id":"https:\/\/www.setapht.com\/fr\/projets-cles-en-main\/#breadcrumb","itemListElement":[{"@type":"ListItem","position":1,"name":"SETA\u1d3e\u1d34\u1d40","item":"https:\/\/www.setapht.com\/fr\/"},{"@type":"ListItem","position":2,"name":"Projets cl\u00e9s en main\ufffc"}]},{"@type":"WebSite","@id":"https:\/\/www.setapht.com\/fr\/#website","url":"https:\/\/www.setapht.com\/fr\/","name":"SETAPHT Fr","description":"Soluciones integrales para el tratamiento del agua","publisher":{"@id":"https:\/\/www.setapht.com\/fr\/#organization"},"potentialAction":[{"@type":"SearchAction","target":{"@type":"EntryPoint","urlTemplate":"https:\/\/www.setapht.com\/fr\/?s={search_term_string}"},"query-input":{"@type":"PropertyValueSpecification","valueRequired":true,"valueName":"search_term_string"}}],"inLanguage":"fr-FR"},{"@type":"Organization","@id":"https:\/\/www.setapht.com\/fr\/#organization","name":"SETAPHT Fr","url":"https:\/\/www.setapht.com\/fr\/","logo":{"@type":"ImageObject","inLanguage":"fr-FR","@id":"https:\/\/www.setapht.com\/fr\/#\/schema\/logo\/image\/","url":"https:\/\/www.setapht.com\/fr\/wp-content\/uploads\/sites\/4\/2021\/03\/Logotipo-web-600px.png","contentUrl":"https:\/\/www.setapht.com\/fr\/wp-content\/uploads\/sites\/4\/2021\/03\/Logotipo-web-600px.png","width":600,"height":133,"caption":"SETAPHT Fr"},"image":{"@id":"https:\/\/www.setapht.com\/fr\/#\/schema\/logo\/image\/"}}]}},"_links":{"self":[{"href":"https:\/\/www.setapht.com\/fr\/wp-json\/wp\/v2\/pages\/834","targetHints":{"allow":["GET"]}}],"collection":[{"href":"https:\/\/www.setapht.com\/fr\/wp-json\/wp\/v2\/pages"}],"about":[{"href":"https:\/\/www.setapht.com\/fr\/wp-json\/wp\/v2\/types\/page"}],"author":[{"embeddable":true,"href":"https:\/\/www.setapht.com\/fr\/wp-json\/wp\/v2\/users\/1"}],"replies":[{"embeddable":true,"href":"https:\/\/www.setapht.com\/fr\/wp-json\/wp\/v2\/comments?post=834"}],"version-history":[{"count":7,"href":"https:\/\/www.setapht.com\/fr\/wp-json\/wp\/v2\/pages\/834\/revisions"}],"predecessor-version":[{"id":3515,"href":"https:\/\/www.setapht.com\/fr\/wp-json\/wp\/v2\/pages\/834\/revisions\/3515"}],"wp:attachment":[{"href":"https:\/\/www.setapht.com\/fr\/wp-json\/wp\/v2\/media?parent=834"}],"curies":[{"name":"wp","href":"https:\/\/api.w.org\/{rel}","templated":true}]}}